{"id":7,"date":"2021-02-12T11:41:48","date_gmt":"2021-02-12T11:41:48","guid":{"rendered":"http:\/\/ecofin.es\/PremiosEcofin2021\/?page_id=7"},"modified":"2021-02-15T13:25:45","modified_gmt":"2021-02-15T12:25:45","slug":"bases","status":"publish","type":"page","link":"https:\/\/ecofin.es\/PremiosEcofin2021\/bases\/","title":{"rendered":"Bases"},"content":{"rendered":"\n<p><strong>Premios ECOFIN 2021<\/strong><\/p>\n\n\n\n<p class=\"has-black-color has-text-color\"><strong>Primera.- <\/strong>El Objeto de la convocatoria del Premio \u2018Titanes de las Finanzas\u2019 es reconocer el esfuerzo personal, colectivo o innovador de aquellos directivos, empresas e instituciones p\u00fablicas o privadas que hayan destacado en los \u00faltimos dieciocho meses en el \u00e1mbito financiero.<\/p>\n\n\n\n<p class=\"has-black-color has-text-color\"><strong>Segunda.- <\/strong>Las entidades que promueven los presentes premios son, por un lado, el Foro ECOFIN \u2013 con sus publicaciones y el Congreso ECOFIN-, en colaboraci\u00f3n con Madrid Capital FinTech (MAD FinTech) y los otros cl\u00fasteres del Ayuntamiento de Madrid, y se solicitar\u00e1 la colaboraci\u00f3n de asociaciones de perfil financiero como la Asociaci\u00f3n de Gerentes de Cr\u00e9dito (AGC), la Asociaci\u00f3n Espa\u00f1ola de Financieros y Tesoreros de Empresas (Asset), la Asociaci\u00f3n Nacional de Asesores Financieros (ANAF) y la Asociaci\u00f3n Espa\u00f1ola de Ejecutivos y Financieros (AEEF), entre otras.<\/p>\n\n\n\n<p class=\"has-black-color has-text-color\"><strong>Tercera.- <\/strong>El plazo de recepci\u00f3n de candidaturas finalizar\u00e1 el 30 de junio de 2021 a las 24 horas. Las candidaturas a los premios se presentar\u00e1n por correo electr\u00f3nico como documento adjunto o por WeTransfer a la atenci\u00f3n del Secretariado del Jurado: <a href=\"mailto:ecofin@ecofin.es\"><strong>ecofin@ecofin.es<\/strong>.<\/a><\/p>\n\n\n\n<p class=\"has-black-color has-text-color\"><strong>Cuarta.- <\/strong>El formato de las candidaturas ser\u00e1 totalmente libre y se podr\u00e1 acompa\u00f1ar del material escrito, sonoro o audiovisual que se considere necesario. Pero siempre deber\u00e1 de haber una p\u00e1gina resumen en el que consten, al menos, los siguientes contenidos: Nombre del Candidato, datos postales y telef\u00f3nicos de contacto, argumentaci\u00f3n sint\u00e9tica de m\u00e9ritos en un m\u00e1ximo de \u00faltimos 18 meses, miembro del Jurado o avalistas de la candidatura (personas f\u00edsicas o jur\u00eddicas), fecha y firma de quien promueve la Candidatura.<\/p>\n\n\n\n<p class=\"has-black-color has-text-color\"><strong>Cinco.- <\/strong>Se establecen las siguientes Categor\u00edas de premios en la presente edici\u00f3n de 2021:<\/p>\n\n\n\n<ul class=\"has-black-color has-text-color\"><li>Un primer premio bajo la categor\u00eda de FINANCIERO DEL A\u00d1O en la persona de un alto directivo de reconocido prestigio y trayectoria profesional cuya gesti\u00f3n suponga un ejemplo al mundo empresarial y econ\u00f3mico por los \u00e9xitos de <em>management <\/em>y logros alcanzados en los \u00faltimos meses.<\/li><\/ul>\n\n\n\n<ul class=\"has-black-color has-text-color\"><li>Diez categor\u00edas de organizaciones p\u00fablicas o privadas, mercantiles o no, considerables como TITANTES DE LAS FINANZAS por sus m\u00e9ritos cosechados en los \u00faltimos dieciocho meses en \u00e1reas directamente financieras como refinanciaci\u00f3n corporativa, emisiones singulares de deuda, estrategias de recuperaci\u00f3n de fallidos, control de riesgos, automatizaci\u00f3n de \u00e1reas de gesti\u00f3n y finanzas, uso original de tecnolog\u00edas aplicadas al negocio o a la gesti\u00f3n financiera, auditor\u00eda y control, reducci\u00f3n de la mora, participaci\u00f3n en los mercados de capital, operaciones de <em>corporate finance, due dilligence<\/em>, etc. Y tambi\u00e9n se buscar\u00e1 el reconocimiento de productos, servicios o iniciativas que hayan contribuido a la mejora financiera del mercado, sectores o empresas en sus pr\u00e1cticas financieras o de gesti\u00f3n.<\/li><\/ul>\n\n\n\n<ul class=\"has-black-color has-text-color\"><li>Tres reconocimientos IMAGEN DE ESPA\u00d1A, en colaboraci\u00f3n con la Secretar\u00eda de Estado de Espa\u00f1a Global, que premiar\u00e1n a marcas mercantiles, marcas financieras y marcas solidarias que por su proyecci\u00f3n de los valores de la marca pa\u00eds simbolicen el buen hacer de la Sociedad Espa\u00f1ola en estos \u00e1mbitos empresariales, financieros y solidarios.<\/li><\/ul>\n\n\n\n<p class=\"has-black-color has-text-color\"><strong>Seis.- <\/strong>El Jurado estar\u00e1 compuesto por profesionales de reconocido prestigio del mundo econ\u00f3mico, financiero, pol\u00edtico y social. El Jurado tiene el derecho a proponer candidaturas y el deber de seleccionar a los finalistas, expurgando aquellas candidaturas que no considere probadas o sobre las que tenga fundadas dudas de idoneidad para acceder al Premio.<\/p>\n\n\n\n<p class=\"has-black-color has-text-color\"><strong>Siete.- <\/strong>Condiciones de elegibilidad s\u00f3lo proceder\u00e1n de los naturales m\u00e9ritos demostrados, la solvencia econ\u00f3mica de la entidad que representa y el buen nombre o fama que acompa\u00f1e al candidato. No habr\u00e1 vetos ni restricciones en funci\u00f3n de vinculaciones con las entidades convocantes, siguiendo la m\u00e1xima de cualquier proceso electoral p\u00fablico de elegir a los mejores en el \u00e1mbito pol\u00edtico, sindical o social.<\/p>\n\n\n\n<p class=\"has-black-color has-text-color\"><strong>Ocho.- <\/strong>La elecci\u00f3n final sobre las candidaturas finalistas seleccionadas por el Jurado ser\u00e1 hecha mediante votaci\u00f3n popular en la web<strong>: ecofin.es <\/strong>por cualquier persona que se acredite y vote. En este sentido, se podr\u00e1 crear un grupo en una red social profesional a fin de facilitar estas votaciones. Para ello, tanto ECOFIN como otras organizaciones colaboradoras dar\u00e1n la mayor difusi\u00f3n posible de las candidaturas durante el mes de julio. No ser\u00e1 dado por v\u00e1lido m\u00e1s de un voto por elector. Realiz\u00e1ndose el recuento final el d\u00eda 25 de julio.<\/p>\n\n\n\n<p class=\"has-black-color has-text-color\"><strong>Nueve.- <\/strong>Los premios consistir\u00e1n en una placa acreditativa entregada en el transcurso de un acto p\u00fablico, as\u00ed como su publicaci\u00f3n y comunicaci\u00f3n a trav\u00e9s de la revista ECOFIN, que har\u00e1 una entrevista a todos los premiados. Adem\u00e1s, se emitir\u00e1 un comunicado de prensa a todos los medios de comunicaci\u00f3n de Espa\u00f1a.<\/p>\n\n\n\n<p class=\"has-black-color has-text-color\"><strong>Diez.- <\/strong>Confidencialidad absoluta sobre aquellos proyectos no premiados por parte de las entidades convocantes y su jurado.<\/p>\n\n\n\n<p class=\"has-black-color has-text-color\"><strong>Once.- <\/strong>Comunicaci\u00f3n y transparencia son dos caracter\u00edsticas que presidir\u00e1n la convocatoria, elecci\u00f3n y concesi\u00f3n de estos Premios. Siendo comunicados en un acto p\u00fablico, mediante comunicado a toda la prensa del Estado y permitiendo la ostentaci\u00f3n de los mismos a las personas f\u00edsicas y jur\u00eddicas premiadas. Adem\u00e1s, la revista ECOFIN recoger\u00e1 de manera destacada a los premiados.<\/p>\n\n\n\n<p class=\"has-black-color has-text-color\"><strong>Doce.- <\/strong>La participaci\u00f3n en la convocatoria supone la aceptaci\u00f3n de estas bases, sin salvedades ni condicionantes, as\u00ed como cualquier resoluci\u00f3n que se adoptara por incidencias.<\/p>\n\n\n\n<p class=\"has-black-color has-text-color\">En Madrid, a 1 de febrero de 2021<\/p>\n\n\n\n<div class=\"wp-block-buttons aligncenter is-layout-flex\">\n<div class=\"wp-block-button\"><a class=\"wp-block-button__link has-black-color has-luminous-vivid-orange-background-color has-text-color has-background\" href=\"\" target=\"_blank\" rel=\"noreferrer noopener\"><strong>Descargar bases<\/strong><\/a><\/div>\n\n\n\n<div class=\"wp-block-button\"><a class=\"wp-block-button__link has-luminous-vivid-orange-background-color has-background\" href=\"mailto:ecofin@ecofin.es\" target=\"_blank\" rel=\"noreferrer noopener\"><strong>Enviar candidatura<\/strong><\/a><\/div>\n<\/div>\n\n\n\n<p><\/p>\n","protected":false},"excerpt":{"rendered":"<p>Premios ECOFIN 2021 Primera.- El Objeto de la convocatoria del Premio \u2018Titanes de las Finanzas\u2019 es reconocer el esfuerzo personal, colectivo o innovador de aquellos directivos, empresas e instituciones p\u00fablicas o privadas que hayan destacado en los \u00faltimos dieciocho meses en el \u00e1mbito financiero. Segunda.- Las entidades que promueven los presentes premios son, por un<\/p>\n<div><a class=\"btn-filled btn\" href=\"https:\/\/ecofin.es\/PremiosEcofin2021\/bases\/\" title=\"Bases\">Leer m\u00e1s<\/a><\/div>\n","protected":false},"author":1,"featured_media":0,"parent":0,"menu_order":0,"comment_status":"closed","ping_status":"closed","template":"page-templates\/full-width.php","meta":[],"_links":{"self":[{"href":"https:\/\/ecofin.es\/PremiosEcofin2021\/wp-json\/wp\/v2\/pages\/7"}],"collection":[{"href":"https:\/\/ecofin.es\/PremiosEcofin2021\/wp-json\/wp\/v2\/pages"}],"about":[{"href":"https:\/\/ecofin.es\/PremiosEcofin2021\/wp-json\/wp\/v2\/types\/page"}],"author":[{"embeddable":true,"href":"https:\/\/ecofin.es\/PremiosEcofin2021\/wp-json\/wp\/v2\/users\/1"}],"replies":[{"embeddable":true,"href":"https:\/\/ecofin.es\/PremiosEcofin2021\/wp-json\/wp\/v2\/comments?post=7"}],"version-history":[{"count":7,"href":"https:\/\/ecofin.es\/PremiosEcofin2021\/wp-json\/wp\/v2\/pages\/7\/revisions"}],"predecessor-version":[{"id":84,"href":"https:\/\/ecofin.es\/PremiosEcofin2021\/wp-json\/wp\/v2\/pages\/7\/revisions\/84"}],"wp:attachment":[{"href":"https:\/\/ecofin.es\/PremiosEcofin2021\/wp-json\/wp\/v2\/media?parent=7"}],"curies":[{"name":"wp","href":"https:\/\/api.w.org\/{rel}","templated":true}]}}