{"id":16,"date":"2021-02-12T11:42:37","date_gmt":"2021-02-12T11:42:37","guid":{"rendered":"http:\/\/ecofin.es\/PremiosEcofin2021\/?page_id=16"},"modified":"2021-02-15T13:26:51","modified_gmt":"2021-02-15T12:26:51","slug":"presentar-candidatura","status":"publish","type":"page","link":"https:\/\/ecofin.es\/PremiosEcofin2021\/presentar-candidatura\/","title":{"rendered":"Presentar candidatura"},"content":{"rendered":"\n<p class=\"has-black-color has-text-color\">El plazo de recepci\u00f3n de candidaturas finalizar\u00e1 el <strong>30 de junio de 2021<\/strong> a las 24 horas. <\/p>\n\n\n\n<p class=\"has-black-color has-text-color\">Las candidaturas a los premios se presentar\u00e1n por <strong>correo electr\u00f3nico como documento adjunto o por WeTransfer a la atenci\u00f3n del Secretariado del Jurado: <a href=\"mailto:ecofin@ecofin.es\">ecofin@ecofin.es<\/a><\/strong><a href=\"mailto:ecofin@ecofin.es\">.<\/a><\/p>\n\n\n\n<p class=\"has-black-color has-text-color\">El formato de las candidaturas ser\u00e1 totalmente libre y se podr\u00e1 acompa\u00f1ar del material escrito, sonoro o audiovisual que se considere necesario. Pero siempre deber\u00e1 haber una p\u00e1gina resumen en el que consten, al menos, los siguientes contenidos: <\/p>\n\n\n\n<ul class=\"has-black-color has-text-color\"><li><strong>Nombre del Candidato<\/strong><\/li><li><strong>Datos postales y telef\u00f3nicos de contacto<\/strong><\/li><li><strong>Argumentaci\u00f3n sint\u00e9tica de m\u00e9ritos en un m\u00e1ximo de \u00faltimos 18 meses<\/strong><\/li><li><strong>Miembro del Jurado o avalistas de la candidatura (personas f\u00edsicas o jur\u00eddicas)<\/strong><\/li><li><strong>Fecha y firma de quien promueve la Candidatura<\/strong><\/li><\/ul>\n\n\n\n<div class=\"wp-block-buttons aligncenter is-layout-flex\">\n<div class=\"wp-block-button\"><a class=\"wp-block-button__link has-black-color has-luminous-vivid-orange-background-color has-text-color has-background\" href=\"http:\/\/ecofin.es\/PremiosEcofin2021\/wp-content\/uploads\/2021\/02\/PREMIOS-ECOFIN-2021-BASES.pdf\" target=\"_blank\" rel=\"noreferrer noopener\">Descargar las Bases<\/a><\/div>\n\n\n\n<div class=\"wp-block-button\"><a class=\"wp-block-button__link has-luminous-vivid-orange-background-color has-background\" href=\"mailto:ecofin@ecofin.es\" target=\"_blank\" rel=\"noreferrer noopener\">Enviar candidatura<\/a><\/div>\n<\/div>\n\n\n\n<p><\/p>\n","protected":false},"excerpt":{"rendered":"<p>El plazo de recepci\u00f3n de candidaturas finalizar\u00e1 el 30 de junio de 2021 a las 24 horas. Las candidaturas a los premios se presentar\u00e1n por correo electr\u00f3nico como documento adjunto o por WeTransfer a la atenci\u00f3n del Secretariado del Jurado: ecofin@ecofin.es. El formato de las candidaturas ser\u00e1 totalmente libre y se podr\u00e1 acompa\u00f1ar del material<\/p>\n<div><a class=\"btn-filled btn\" href=\"https:\/\/ecofin.es\/PremiosEcofin2021\/presentar-candidatura\/\" title=\"Presentar candidatura\">Leer m\u00e1s<\/a><\/div>\n","protected":false},"author":1,"featured_media":0,"parent":0,"menu_order":0,"comment_status":"closed","ping_status":"closed","template":"","meta":[],"_links":{"self":[{"href":"https:\/\/ecofin.es\/PremiosEcofin2021\/wp-json\/wp\/v2\/pages\/16"}],"collection":[{"href":"https:\/\/ecofin.es\/PremiosEcofin2021\/wp-json\/wp\/v2\/pages"}],"about":[{"href":"https:\/\/ecofin.es\/PremiosEcofin2021\/wp-json\/wp\/v2\/types\/page"}],"author":[{"embeddable":true,"href":"https:\/\/ecofin.es\/PremiosEcofin2021\/wp-json\/wp\/v2\/users\/1"}],"replies":[{"embeddable":true,"href":"https:\/\/ecofin.es\/PremiosEcofin2021\/wp-json\/wp\/v2\/comments?post=16"}],"version-history":[{"count":9,"href":"https:\/\/ecofin.es\/PremiosEcofin2021\/wp-json\/wp\/v2\/pages\/16\/revisions"}],"predecessor-version":[{"id":85,"href":"https:\/\/ecofin.es\/PremiosEcofin2021\/wp-json\/wp\/v2\/pages\/16\/revisions\/85"}],"wp:attachment":[{"href":"https:\/\/ecofin.es\/PremiosEcofin2021\/wp-json\/wp\/v2\/media?parent=16"}],"curies":[{"name":"wp","href":"https:\/\/api.w.org\/{rel}","templated":true}]}}