{"id":14,"date":"2021-02-12T11:42:24","date_gmt":"2021-02-12T11:42:24","guid":{"rendered":"http:\/\/ecofin.es\/PremiosEcofin2021\/?page_id=14"},"modified":"2021-02-15T13:21:55","modified_gmt":"2021-02-15T12:21:55","slug":"imagen-de-espana","status":"publish","type":"page","link":"https:\/\/ecofin.es\/PremiosEcofin2021\/imagen-de-espana\/","title":{"rendered":"Imagen de Espa\u00f1a"},"content":{"rendered":"\n<p class=\"has-black-color has-text-color\">Foro ECOFIN entrega cada a\u00f1o, junto a la Secretar\u00eda de Estado de Espa\u00f1a Global, tres reconocimientos IMAGEN DE ESPA\u00d1A que premian a marcas mercantiles, marcas financieras y marcas solidarias que por su proyecci\u00f3n de los valores de la marca pa\u00eds simbolicen el buen hacer de la Sociedad Espa\u00f1ola en estos \u00e1mbitos empresariales, financieros y solidarios.<\/p>\n\n\n\n<p class=\"has-black-color has-text-color\"><a href=\"https:\/\/ecofin.es\/manuel-muniz-entregara-los-premios-imagen-de-espana-2020\/\" target=\"_blank\" rel=\"noreferrer noopener\">En 2020<\/a>, los premiados fueron la <strong>Unidad Militar de Emergencias (UME)<\/strong> por su labor al frente de labores de desinfecci\u00f3n, apoyo, traslado de cad\u00e1veres, vigilancia o construcci\u00f3n en tiempo r\u00e9cord de hospitales de campa\u00f1a para aliviar la presi\u00f3n sanitaria le han valido no solo el reconocimiento de una sociedad que ya ve\u00eda en estos h\u00e9roes a un&nbsp;<strong>motivo de orgullo nacional<\/strong>, sino a personas entregadas en la ayuda a los m\u00e1s vulnerables de cada tragedia; el <strong>Hospital de Campa\u00f1a de IFEMA,<\/strong>&nbsp;impulsado por el Servicio Madrile\u00f1o de Salud (Comunidad de Madrid), por ser otro de los h\u00e9roes de la pandemia y una bandera de la solidaridad \u2018made in Spain\u2019 que por su eficiencia y celeridad en la construcci\u00f3n marc\u00f3 un hito en todo el mundo respecto a la capacidad de reacci\u00f3n e improvisaci\u00f3n del car\u00e1cter espa\u00f1ol; los <strong>Aut\u00f3nomos y las Pymes<\/strong>; y <strong>EsPorTi<\/strong>, un consorcio de entidades sin \u00e1nimo de lucro y con objeto social y solidario que ha logrado poner en marcha a m\u00e1s de 2.000 voluntarios durante el Estado de Alarma para ayudar all\u00ed donde era m\u00e1s necesario en cada momento, una iniciativa impulsada por&nbsp;<strong>Carmen M\u00aa Garc\u00eda, presidenta de Fundaci\u00f3n Woman\u2019s Week<\/strong>; Laura Gim\u00e9nez, vicepresidenta de la Asociaci\u00f3n de Jubilados Polic\u00eda Nacional de Espa\u00f1a (AJPNE); y Luc\u00eda Llano, presidenta de Retirados Asociados de la Guardia Civil de Espa\u00f1a (RAGCE) y directora de Seguridad de AESFAS. <\/p>\n\n\n\n<figure class=\"wp-block-image size-large\"><img decoding=\"async\" loading=\"lazy\" width=\"1024\" height=\"576\" src=\"http:\/\/ecofin.es\/PremiosEcofin2021\/wp-content\/uploads\/2021\/02\/premiosECOFIN-29-1024x576.jpg\" alt=\"\" class=\"wp-image-62\" srcset=\"https:\/\/ecofin.es\/PremiosEcofin2021\/wp-content\/uploads\/2021\/02\/premiosECOFIN-29-1024x576.jpg 1024w, https:\/\/ecofin.es\/PremiosEcofin2021\/wp-content\/uploads\/2021\/02\/premiosECOFIN-29-300x169.jpg 300w, https:\/\/ecofin.es\/PremiosEcofin2021\/wp-content\/uploads\/2021\/02\/premiosECOFIN-29-768x432.jpg 768w, https:\/\/ecofin.es\/PremiosEcofin2021\/wp-content\/uploads\/2021\/02\/premiosECOFIN-29-1536x864.jpg 1536w, https:\/\/ecofin.es\/PremiosEcofin2021\/wp-content\/uploads\/2021\/02\/premiosECOFIN-29.jpg 1920w\" sizes=\"(max-width: 1024px) 100vw, 1024px\" \/><figcaption>Los Premios Imagen de Espa\u00f1a 2020 fueron entregados por Manuel Mu\u00f1iz, <strong>Secretario de Estado de Espa\u00f1a Global<\/strong>.<\/figcaption><\/figure>\n\n\n\n<p class=\"has-black-color has-text-color\">En <a rel=\"noreferrer noopener\" href=\"https:\/\/ecofin.es\/tomas-pascual-el-padre-angel-y-mineros-de-hunosa-recogieron-sus-premios-imagen-de-espana\/\" target=\"_blank\">ediciones anteriores<\/a> se ha premiado al <strong>Padre \u00c1ngel, Freixenet, Hunosa, Iberia, Tom\u00e1s Pascual<\/strong>&#8230; <\/p>\n\n\n\n<figure class=\"wp-block-image size-large\"><img decoding=\"async\" loading=\"lazy\" width=\"1024\" height=\"683\" src=\"http:\/\/ecofin.es\/PremiosEcofin2021\/wp-content\/uploads\/2021\/02\/ImagenEspanaPremios2021.jpg\" alt=\"\" class=\"wp-image-35\" srcset=\"https:\/\/ecofin.es\/PremiosEcofin2021\/wp-content\/uploads\/2021\/02\/ImagenEspanaPremios2021.jpg 1024w, https:\/\/ecofin.es\/PremiosEcofin2021\/wp-content\/uploads\/2021\/02\/ImagenEspanaPremios2021-300x200.jpg 300w, https:\/\/ecofin.es\/PremiosEcofin2021\/wp-content\/uploads\/2021\/02\/ImagenEspanaPremios2021-768x512.jpg 768w\" sizes=\"(max-width: 1024px) 100vw, 1024px\" \/><figcaption>Premios Imagen de Espa\u00f1a 2019.<\/figcaption><\/figure>\n\n\n\n<div class=\"wp-block-buttons aligncenter is-layout-flex\">\n<div class=\"wp-block-button\"><a class=\"wp-block-button__link has-white-color has-luminous-vivid-orange-background-color has-text-color has-background\" href=\"mailto:ecofin@ecofin.es\" target=\"_blank\" rel=\"noreferrer noopener\">Enviar candidatura<\/a><\/div>\n<\/div>\n\n\n\n<p><\/p>\n","protected":false},"excerpt":{"rendered":"<p>Foro ECOFIN entrega cada a\u00f1o, junto a la Secretar\u00eda de Estado de Espa\u00f1a Global, tres reconocimientos IMAGEN DE ESPA\u00d1A que premian a marcas mercantiles, marcas financieras y marcas solidarias que por su proyecci\u00f3n de los valores de la marca pa\u00eds simbolicen el buen hacer de la Sociedad Espa\u00f1ola en estos \u00e1mbitos empresariales, financieros y solidarios.<\/p>\n<div><a class=\"btn-filled btn\" href=\"https:\/\/ecofin.es\/PremiosEcofin2021\/imagen-de-espana\/\" title=\"Imagen de Espa\u00f1a\">Leer m\u00e1s<\/a><\/div>\n","protected":false},"author":1,"featured_media":0,"parent":0,"menu_order":0,"comment_status":"closed","ping_status":"closed","template":"page-templates\/full-width.php","meta":[],"_links":{"self":[{"href":"https:\/\/ecofin.es\/PremiosEcofin2021\/wp-json\/wp\/v2\/pages\/14"}],"collection":[{"href":"https:\/\/ecofin.es\/PremiosEcofin2021\/wp-json\/wp\/v2\/pages"}],"about":[{"href":"https:\/\/ecofin.es\/PremiosEcofin2021\/wp-json\/wp\/v2\/types\/page"}],"author":[{"embeddable":true,"href":"https:\/\/ecofin.es\/PremiosEcofin2021\/wp-json\/wp\/v2\/users\/1"}],"replies":[{"embeddable":true,"href":"https:\/\/ecofin.es\/PremiosEcofin2021\/wp-json\/wp\/v2\/comments?post=14"}],"version-history":[{"count":4,"href":"https:\/\/ecofin.es\/PremiosEcofin2021\/wp-json\/wp\/v2\/pages\/14\/revisions"}],"predecessor-version":[{"id":81,"href":"https:\/\/ecofin.es\/PremiosEcofin2021\/wp-json\/wp\/v2\/pages\/14\/revisions\/81"}],"wp:attachment":[{"href":"https:\/\/ecofin.es\/PremiosEcofin2021\/wp-json\/wp\/v2\/media?parent=14"}],"curies":[{"name":"wp","href":"https:\/\/api.w.org\/{rel}","templated":true}]}}