{"id":12,"date":"2021-02-12T11:42:15","date_gmt":"2021-02-12T11:42:15","guid":{"rendered":"http:\/\/ecofin.es\/PremiosEcofin2021\/?page_id=12"},"modified":"2021-02-12T13:47:58","modified_gmt":"2021-02-12T12:47:58","slug":"financiero-del-ano","status":"publish","type":"page","link":"https:\/\/ecofin.es\/PremiosEcofin2021\/financiero-del-ano\/","title":{"rendered":"Financiero del A\u00f1o"},"content":{"rendered":"\n<p class=\"has-text-align-center has-black-color has-text-color\">El Premio FINANCIERO DEL A\u00d1O recae en un alto directivo de reconocido prestigio y trayectoria profesional cuya gesti\u00f3n suponga un ejemplo al mundo empresarial y econ\u00f3mico por los \u00e9xitos de management y logros alcanzados en los \u00faltimos meses. <\/p>\n\n\n\n<figure class=\"wp-block-image size-large\"><img decoding=\"async\" loading=\"lazy\" width=\"1024\" height=\"490\" src=\"http:\/\/ecofin.es\/PremiosEcofin2021\/wp-content\/uploads\/2021\/02\/PORTADA_JMAPalleteVideo-1024x490-1.jpg\" alt=\"\" class=\"wp-image-44\" srcset=\"https:\/\/ecofin.es\/PremiosEcofin2021\/wp-content\/uploads\/2021\/02\/PORTADA_JMAPalleteVideo-1024x490-1.jpg 1024w, https:\/\/ecofin.es\/PremiosEcofin2021\/wp-content\/uploads\/2021\/02\/PORTADA_JMAPalleteVideo-1024x490-1-300x144.jpg 300w, https:\/\/ecofin.es\/PremiosEcofin2021\/wp-content\/uploads\/2021\/02\/PORTADA_JMAPalleteVideo-1024x490-1-768x368.jpg 768w, https:\/\/ecofin.es\/PremiosEcofin2021\/wp-content\/uploads\/2021\/02\/PORTADA_JMAPalleteVideo-1024x490-1-730x350.jpg 730w\" sizes=\"(max-width: 1024px) 100vw, 1024px\" \/><figcaption>Jos\u00e9 Mar\u00eda \u00c1lvarez-Pallete, presidente de Telef\u00f3nica y Premio Financiero del A\u00f1o 2020.<\/figcaption><\/figure>\n\n\n\n<p class=\"has-text-align-center has-black-color has-text-color\">En 2020, el Premio fue para\u00a0<strong><a rel=\"noreferrer noopener\" href=\"https:\/\/ecofin.es\/alvarez-pallete-agradece-el-premio-financiero-del-ano-2020\/\" target=\"_blank\">Jos\u00e9 Mar\u00eda \u00c1lvarez-Pallete, presidente de Telef\u00f3nica<\/a><\/strong>.<\/p>\n\n\n\n<figure class=\"wp-block-image size-large\"><img decoding=\"async\" loading=\"lazy\" width=\"1024\" height=\"682\" src=\"http:\/\/ecofin.es\/PremiosEcofin2021\/wp-content\/uploads\/2021\/02\/IgnacioGarraldaPremio2021.jpg\" alt=\"\" class=\"wp-image-47\" srcset=\"https:\/\/ecofin.es\/PremiosEcofin2021\/wp-content\/uploads\/2021\/02\/IgnacioGarraldaPremio2021.jpg 1024w, https:\/\/ecofin.es\/PremiosEcofin2021\/wp-content\/uploads\/2021\/02\/IgnacioGarraldaPremio2021-300x200.jpg 300w, https:\/\/ecofin.es\/PremiosEcofin2021\/wp-content\/uploads\/2021\/02\/IgnacioGarraldaPremio2021-768x512.jpg 768w\" sizes=\"(max-width: 1024px) 100vw, 1024px\" \/><figcaption>Ignacio Garralda, presidente del Grupo Mutua y Financiero del A\u00f1o 20219.<\/figcaption><\/figure>\n\n\n\n<p class=\"has-text-align-center has-black-color has-text-color\">El Financiero del A\u00f1o en 2019 fue <strong><a href=\"https:\/\/ecofin.es\/ignacio-garralda-recogio-el-premio-financiero-del-ano-de-ecofin\/\" target=\"_blank\" rel=\"noreferrer noopener\">Ignacio Garralda, presidente del Grupo Mutua<\/a><\/strong>.<\/p>\n\n\n\n<p class=\"has-text-align-center has-black-color has-text-color\"> Y, en 2018, el Premio fue para\u00a0<strong><a rel=\"noreferrer noopener\" href=\"https:\/\/ecofin.es\/antonio-huertas-lo-que-no-sea-digital-ya-no-va-a-ser\/\" target=\"_blank\">Antonio Huertas, presidente de Mapfre<\/a><\/strong>.<\/p>\n\n\n\n<figure class=\"wp-block-image size-large\"><img decoding=\"async\" loading=\"lazy\" width=\"1024\" height=\"683\" src=\"http:\/\/ecofin.es\/PremiosEcofin2021\/wp-content\/uploads\/2021\/02\/AntonioHuertasPremiosECOFIN2021-1024x683.jpg\" alt=\"\" class=\"wp-image-33\" srcset=\"https:\/\/ecofin.es\/PremiosEcofin2021\/wp-content\/uploads\/2021\/02\/AntonioHuertasPremiosECOFIN2021-1024x683.jpg 1024w, https:\/\/ecofin.es\/PremiosEcofin2021\/wp-content\/uploads\/2021\/02\/AntonioHuertasPremiosECOFIN2021-300x200.jpg 300w, https:\/\/ecofin.es\/PremiosEcofin2021\/wp-content\/uploads\/2021\/02\/AntonioHuertasPremiosECOFIN2021-768x512.jpg 768w, https:\/\/ecofin.es\/PremiosEcofin2021\/wp-content\/uploads\/2021\/02\/AntonioHuertasPremiosECOFIN2021-1536x1024.jpg 1536w, https:\/\/ecofin.es\/PremiosEcofin2021\/wp-content\/uploads\/2021\/02\/AntonioHuertasPremiosECOFIN2021.jpg 2048w\" sizes=\"(max-width: 1024px) 100vw, 1024px\" \/><figcaption>Antonio Huertas, presidente de Mapfre y Premio Financiero del A\u00f1o 2018.<\/figcaption><\/figure>\n","protected":false},"excerpt":{"rendered":"<p>El Premio FINANCIERO DEL A\u00d1O recae en un alto directivo de reconocido prestigio y trayectoria profesional cuya gesti\u00f3n suponga un ejemplo al mundo empresarial y econ\u00f3mico por los \u00e9xitos de management y logros alcanzados en los \u00faltimos meses. En 2020, el Premio fue para\u00a0Jos\u00e9 Mar\u00eda \u00c1lvarez-Pallete, presidente de Telef\u00f3nica. El Financiero del A\u00f1o en 2019<\/p>\n<div><a class=\"btn-filled btn\" href=\"https:\/\/ecofin.es\/PremiosEcofin2021\/financiero-del-ano\/\" title=\"Financiero del A\u00f1o\">Leer m\u00e1s<\/a><\/div>\n","protected":false},"author":1,"featured_media":0,"parent":0,"menu_order":0,"comment_status":"closed","ping_status":"closed","template":"page-templates\/full-width.php","meta":[],"_links":{"self":[{"href":"https:\/\/ecofin.es\/PremiosEcofin2021\/wp-json\/wp\/v2\/pages\/12"}],"collection":[{"href":"https:\/\/ecofin.es\/PremiosEcofin2021\/wp-json\/wp\/v2\/pages"}],"about":[{"href":"https:\/\/ecofin.es\/PremiosEcofin2021\/wp-json\/wp\/v2\/types\/page"}],"author":[{"embeddable":true,"href":"https:\/\/ecofin.es\/PremiosEcofin2021\/wp-json\/wp\/v2\/users\/1"}],"replies":[{"embeddable":true,"href":"https:\/\/ecofin.es\/PremiosEcofin2021\/wp-json\/wp\/v2\/comments?post=12"}],"version-history":[{"count":5,"href":"https:\/\/ecofin.es\/PremiosEcofin2021\/wp-json\/wp\/v2\/pages\/12\/revisions"}],"predecessor-version":[{"id":49,"href":"https:\/\/ecofin.es\/PremiosEcofin2021\/wp-json\/wp\/v2\/pages\/12\/revisions\/49"}],"wp:attachment":[{"href":"https:\/\/ecofin.es\/PremiosEcofin2021\/wp-json\/wp\/v2\/media?parent=12"}],"curies":[{"name":"wp","href":"https:\/\/api.w.org\/{rel}","templated":true}]}}