{"id":10,"date":"2021-02-12T11:42:04","date_gmt":"2021-02-12T11:42:04","guid":{"rendered":"http:\/\/ecofin.es\/PremiosEcofin2021\/?page_id=10"},"modified":"2021-02-15T13:23:29","modified_gmt":"2021-02-15T12:23:29","slug":"titanes-de-las-finanzas","status":"publish","type":"page","link":"https:\/\/ecofin.es\/PremiosEcofin2021\/titanes-de-las-finanzas\/","title":{"rendered":"Titanes de las Finanzas"},"content":{"rendered":"\n<p class=\"has-black-color has-text-color\">El premio Titanes de las Finanzas premia diez categor\u00edas de organizaciones p\u00fablicas o privadas, mercantiles o no, por sus m\u00e9ritos cosechados en los \u00faltimos dieciocho meses en \u00e1reas directamente financieras como refinanciaci\u00f3n corporativa, emisiones singulares de deuda, estrategias de recuperaci\u00f3n de fallidos, control de riesgos, automatizaci\u00f3n de \u00e1reas de gesti\u00f3n y finanzas, uso original de tecnolog\u00edas aplicadas al negocio o a la gesti\u00f3n financiera, auditor\u00eda y control, reducci\u00f3n de la mora, participaci\u00f3n en los mercados de capital, operaciones de&nbsp;<em>corporate finance, due dilligence<\/em>, etc. Y tambi\u00e9n se buscar\u00e1 el reconocimiento de productos, servicios o iniciativas que hayan contribuido a la mejora financiera del mercado, sectores o empresas en sus pr\u00e1cticas financieras o de gesti\u00f3n.<\/p>\n\n\n\n<figure class=\"wp-block-image size-large is-resized\"><img decoding=\"async\" loading=\"lazy\" src=\"http:\/\/ecofin.es\/PremiosEcofin2021\/wp-content\/uploads\/2021\/02\/Imagin.png\" alt=\"\" class=\"wp-image-56\" width=\"706\" height=\"531\" srcset=\"https:\/\/ecofin.es\/PremiosEcofin2021\/wp-content\/uploads\/2021\/02\/Imagin.png 509w, https:\/\/ecofin.es\/PremiosEcofin2021\/wp-content\/uploads\/2021\/02\/Imagin-300x226.png 300w\" sizes=\"(max-width: 706px) 100vw, 706px\" \/><figcaption>Benjam\u00ed Puigdevall, CEO de Imagin, recoge el Titanes de las Finanzas 2020.<\/figcaption><\/figure>\n\n\n\n<p class=\"has-black-color has-text-color\"><a href=\"https:\/\/ecofin.es\/estos-son-los-titanes-de-las-finanzas-2020\/\" target=\"_blank\" rel=\"noreferrer noopener\">En 2020, los premios Titanes de las Finanzas<\/a> fueron para <strong>Apl\u00e1zame, Caser Cling Cling, Capital Radio (Luis Vicente Mu\u00f1oz), B2B Safe (Cr\u00e9dito y Cauci\u00f3n), Imagin (CaixaBank), Capital Intereconom\u00eda (Susana Criado), Iris Assistance, Mastercard, SeniorsLeading y Telemadrid (Apoyo a Pymes)<\/strong>.<\/p>\n\n\n\n<figure class=\"wp-block-image size-large is-resized\"><img decoding=\"async\" loading=\"lazy\" src=\"http:\/\/ecofin.es\/PremiosEcofin2021\/wp-content\/uploads\/2021\/02\/Iris.png\" alt=\"\" class=\"wp-image-57\" width=\"669\" height=\"623\" srcset=\"https:\/\/ecofin.es\/PremiosEcofin2021\/wp-content\/uploads\/2021\/02\/Iris.png 427w, https:\/\/ecofin.es\/PremiosEcofin2021\/wp-content\/uploads\/2021\/02\/Iris-300x280.png 300w\" sizes=\"(max-width: 669px) 100vw, 669px\" \/><figcaption>Maite Maroto, CEO de Iris Assistance, recoge el Titanes de las Finanzas 2020.<\/figcaption><\/figure>\n\n\n\n<p class=\"has-black-color has-text-color\">En 2019 se entreg\u00f3 el premio a <strong>Jes\u00fas Nu\u00f1o de la Rosa, entonces presidente ejecutivo de El Corte Ingles<\/strong>, <strong>Alastria, BDO, Creditea, El Corte Ingl\u00e9s, EVO Assistant (EVO Banco), Grupo Fomento, Iberinform, IBM Food Trust (IBM), Santaluc\u00eda y Wofco<\/strong>.<\/p>\n\n\n\n<figure class=\"wp-block-image size-large\"><img decoding=\"async\" loading=\"lazy\" width=\"1024\" height=\"682\" src=\"http:\/\/ecofin.es\/PremiosEcofin2021\/wp-content\/uploads\/2021\/02\/TitanesFinanzasPremios2021.jpg\" alt=\"\" class=\"wp-image-34\" srcset=\"https:\/\/ecofin.es\/PremiosEcofin2021\/wp-content\/uploads\/2021\/02\/TitanesFinanzasPremios2021.jpg 1024w, https:\/\/ecofin.es\/PremiosEcofin2021\/wp-content\/uploads\/2021\/02\/TitanesFinanzasPremios2021-300x200.jpg 300w, https:\/\/ecofin.es\/PremiosEcofin2021\/wp-content\/uploads\/2021\/02\/TitanesFinanzasPremios2021-768x512.jpg 768w\" sizes=\"(max-width: 1024px) 100vw, 1024px\" \/><figcaption>Los Titanes de las Finanzas 2019.<\/figcaption><\/figure>\n\n\n\n<div class=\"wp-block-buttons aligncenter is-layout-flex\">\n<div class=\"wp-block-button\"><a class=\"wp-block-button__link has-black-color has-luminous-vivid-orange-background-color has-text-color has-background\" href=\"http:\/\/ecofin.es\/PremiosEcofin2021\/presentar-candidatura\/\" target=\"_blank\" rel=\"noreferrer noopener\">Enviar candidatura<\/a><\/div>\n<\/div>\n","protected":false},"excerpt":{"rendered":"<p>El premio Titanes de las Finanzas premia diez categor\u00edas de organizaciones p\u00fablicas o privadas, mercantiles o no, por sus m\u00e9ritos cosechados en los \u00faltimos dieciocho meses en \u00e1reas directamente financieras como refinanciaci\u00f3n corporativa, emisiones singulares de deuda, estrategias de recuperaci\u00f3n de fallidos, control de riesgos, automatizaci\u00f3n de \u00e1reas de gesti\u00f3n y finanzas, uso original de<\/p>\n<div><a class=\"btn-filled btn\" href=\"https:\/\/ecofin.es\/PremiosEcofin2021\/titanes-de-las-finanzas\/\" title=\"Titanes de las Finanzas\">Leer m\u00e1s<\/a><\/div>\n","protected":false},"author":1,"featured_media":0,"parent":0,"menu_order":0,"comment_status":"closed","ping_status":"closed","template":"page-templates\/full-width.php","meta":[],"_links":{"self":[{"href":"https:\/\/ecofin.es\/PremiosEcofin2021\/wp-json\/wp\/v2\/pages\/10"}],"collection":[{"href":"https:\/\/ecofin.es\/PremiosEcofin2021\/wp-json\/wp\/v2\/pages"}],"about":[{"href":"https:\/\/ecofin.es\/PremiosEcofin2021\/wp-json\/wp\/v2\/types\/page"}],"author":[{"embeddable":true,"href":"https:\/\/ecofin.es\/PremiosEcofin2021\/wp-json\/wp\/v2\/users\/1"}],"replies":[{"embeddable":true,"href":"https:\/\/ecofin.es\/PremiosEcofin2021\/wp-json\/wp\/v2\/comments?post=10"}],"version-history":[{"count":5,"href":"https:\/\/ecofin.es\/PremiosEcofin2021\/wp-json\/wp\/v2\/pages\/10\/revisions"}],"predecessor-version":[{"id":82,"href":"https:\/\/ecofin.es\/PremiosEcofin2021\/wp-json\/wp\/v2\/pages\/10\/revisions\/82"}],"wp:attachment":[{"href":"https:\/\/ecofin.es\/PremiosEcofin2021\/wp-json\/wp\/v2\/media?parent=10"}],"curies":[{"name":"wp","href":"https:\/\/api.w.org\/{rel}","templated":true}]}}