{"id":332,"date":"2021-02-17T15:39:25","date_gmt":"2021-02-17T14:39:25","guid":{"rendered":"http:\/\/ecofin.es\/FinTech\/?page_id=332"},"modified":"2021-03-09T20:55:46","modified_gmt":"2021-03-09T19:55:46","slug":"ponentes","status":"publish","type":"page","link":"https:\/\/ecofin.es\/FinTech\/ponentes\/","title":{"rendered":"Ponentes"},"content":{"rendered":"\n<!--INICIO-->\n<p>\n<p>\n<h2 style=\"text-align: center;\"><img loading=\"lazy\" class=\"aligncenter size-medium wp-image-1214\" src=\"http:\/\/ecofin.es\/FinTech\/wp-content\/uploads\/2020\/01\/PonenteVillacis.jpg\" alt=\"Bego\u00f1a Villacis\" width=\"300\" height=\"300\" \/><\/a><\/h2>\n<h2 style=\"text-align: center;\">Bego\u00f1a Villac\u00eds<\/h2>\n<p style=\"text-align: center;\"><strong>Vicealcaldesa de Madrid<\/strong><\/p>\n<!--bio--> \n<!--FIN-->\n\n<!--INICIO-->\n<p>\n<p>\n<h2 style=\"text-align: center;\"><img loading=\"lazy\" class=\"aligncenter size-medium wp-image-1214\" src=\"http:\/\/ecofin.es\/FinTech\/wp-content\/uploads\/2020\/01\/PonenteRedondo.jpg\" alt=\"Miguel Angel Redondo\" width=\"300\" height=\"300\" \/><\/a><\/h2>\n<h2 style=\"text-align: center;\">Miguel \u00c1ngel Redondo<\/h2>\n<p style=\"text-align: center;\"><strong>Delegado del \u00c1rea de Econom\u00eda, Innovaci\u00f3n y Empleo del Ayuntamiento de Madrid<\/strong><\/p>\n<!--bio--> \n<!--FIN-->\n\n<!--INICIO-->\n<p>\n<h2 style=\"text-align: center;\"><img loading=\"lazy\" class=\"aligncenter size-medium wp-image-1214\" src=\"http:\/\/ecofin.es\/FinTech\/wp-content\/uploads\/2020\/01\/PonenteSalvadorMolina.jpg\" alt=\"Salvador Molina\" width=\"300\" height=\"300\" \/><\/a><\/h2>\n<h2 style=\"text-align: center;\">Salvador Molina<\/h2>\n<p style=\"text-align: center;\"><strong>Presidente de Foro ECOFIN y del cl\u00faster Madrid Capital FinTech (MAD FinTech)<\/strong><\/p>\nPeriodista econ\u00f3mico y autor de numerosos libros sobre Econom\u00eda y Management, entre ellos \u2018Conferenciantes Imprescindibles\u2019 (2020), \u2018Talentocracia\u2019 o \u2018Los Imprescindibles del Management\u2019. Coautor de \u2018El cubo del L\u00edder\u2019 (2020) y del \u2018Manual de Felicacia\u2019. En 2020 ha sido nombrado Mentor Honor\u00edfico de la Red Global de Mentores (Am\u00e9rica-Europa). Es Embajador y Miembro del Consejo Asesor del Centro de Emprendimiento de la Universidad de Alcal\u00e1 de Henares.\n<!--FIN-->\n\n<!--INICIO-->\n<p>\n<h2 style=\"text-align: center;\"><img loading=\"lazy\" class=\"aligncenter size-medium wp-image-1214\" src=\"http:\/\/ecofin.es\/FinTech\/wp-content\/uploads\/2021\/03\/ponentejagullo.jpg\" alt=\"Javier Agullo\" width=\"300\" height=\"300\" \/><\/a><\/h2>\n<h2 style=\"text-align: center;\">Javier Agull\u00f3<\/h2>\n<p style=\"text-align: center;\"><strong>Director de comercial de Vector ITC Group, a Softtek Company<\/strong><\/p>\nDurante los \u00faltimos 20 a\u00f1os, ha emprendido y liderado en el sector de consultor\u00eda de negocio y de tecnolog\u00eda en EMEA. Socio fundador de varias startups, actualmente dirige en Vector ITC, a Softtek Company, la estrategia comercial en todas sus verticales, con especial foco en los servicios digitales especializados de cada una de ellas. Tiene un M\u00e1ster en Direcci\u00f3n de Empresas (MBA) por el Instituto de Empresa (IE), M\u00e1ster en Calidad Total por la Universidad Polit\u00e9cnica de Madrid y es Licenciado en Ciencias Empresariales por la Universidad Complutense de Madrid.\n<!--FIN-->\n\n<!--INICIO-->\n<p>\n<h2 style=\"text-align: center;\"><img loading=\"lazy\" class=\"aligncenter size-medium wp-image-1214\" src=\"http:\/\/ecofin.es\/FinTech\/wp-content\/uploads\/2021\/02\/rafaelmoreno.jpg\" alt=\"Rafael Moreno\" width=\"300\" height=\"300\" \/><\/a><\/h2>\n<h2 style=\"text-align: center;\">Rafael Moreno<\/h2>\n<p style=\"text-align: center;\"><strong>Director de Consultor\u00eda Estrat\u00e9gica de Vector ITC Group, a Softtek Company<\/strong><\/p>\nDurante los \u00faltimos 20 a\u00f1os y en pa\u00edses como Espa\u00f1a, Inglaterra, M\u00e9xico, Colombia o Brasil, Rafael ha liderado proyectos de consultor\u00eda en estrategia empresarial, desarrollo social y econ\u00f3mico, innovaci\u00f3n y sostenibilidad para instituciones como la Agencia de Desarrollo Norteamericana, BID o el IFC Word Bank, as\u00ed como para empresas de diversos sectores como ENEL, Deutsche Bank, Seguros Ocaso, Grupo Bol\u00edvar Davivienda o Braskem. Tiene un Programa de Direcci\u00f3n Avanzada por la Universidad de Oxford, es Master en Direcci\u00f3n de Empresas (MBA) por Cass Business School, Londres, Experto en Mercados financieros y Bolsa por la Universidad Aut\u00f3noma de Madrid y es Licenciado en Administraci\u00f3n de Empresas y Marketing por ESIC. Rafael tambi\u00e9n obtuvo el Premio al mejor proyecto de estrategia empresarial otorgado por Cass Business School y el Premio al Mejor Emprendedor Social 2000 de la C\u00e1mara de Comercio de Espa\u00f1a en Brasil.\n<!--FIN-->\n\n<!--INICIO-->\n<!--<p>\n<h2 style=\"text-align: center;\"><img loading=\"lazy\" class=\"aligncenter size-medium wp-image-1214\" src=\"http:\/\/ecofin.es\/FinTech\/wp-content\/uploads\/2020\/01\/X.jpg\" alt=\"Carlos Delgado\" width=\"300\" height=\"300\" \/><\/a><\/h2>\n<h2 style=\"text-align: center;\">Carlos Delgado<\/h2>\n<p style=\"text-align: center;\"><strong>CEO de Vector ITC y Softtek EMEA<\/strong><\/p>\nbio.-->\n<!--FIN-->\n\n<!--INICIO-->\n<!--<p>\n<h2 style=\"text-align: center;\"><img loading=\"lazy\" class=\"aligncenter size-medium wp-image-1214\" src=\"http:\/\/ecofin.es\/FinTech\/wp-content\/uploads\/2020\/01\/X.jpg\" alt=\"Rafael Moreno\" width=\"300\" height=\"300\" \/><\/a><\/h2>\n<h2 style=\"text-align: center;\">Rafael Moreno<\/h2>\n<p style=\"text-align: center;\"><strong>director de Consultor\u00eda estrat\u00e9gica de Vector ITC, a Softtek Company.<\/strong><\/p>\nbio.-->\n<!--FIN-->\n\n<!--INICIO-->\n<p>\n<h2 style=\"text-align: center;\"><img loading=\"lazy\" class=\"aligncenter size-medium wp-image-1214\" src=\"http:\/\/ecofin.es\/FinTech\/wp-content\/uploads\/2021\/03\/ainhoacampobbva.jpg\" alt=\"Ainhoa Campo\" width=\"300\" height=\"300\" \/><\/a><\/h2>\n<h2 style=\"text-align: center;\">Ainhoa Campo<\/h2>\n<p style=\"text-align: center;\"><strong>Global Head of Open Innovation en BBVA.<\/strong><\/p>\nLicenciada en Econ\u00f3micas y Empresariales por la Universidad del Pa\u00eds Vasco y Digital Entrepreneurship Accelerator Program por el MIT. Actualmente es responsable global de Open Innovation en BBVA. Su misi\u00f3n es colaborar con el ecosistema \u2018fintech\u2019 y de innovaci\u00f3n para conectar e inspirar a BBVA con las mejores soluciones para clientes y capabilities, dise\u00f1ando e implementando estrategias para llegar a ambas partes de la ecuaci\u00f3n: BBVA y el ecosistema externo (emprendedores, desarrolladores y el ecosistema \u2018fintech\u2019). Es experta en las \u00e1reas de innovaci\u00f3n abierta, \u2018fintech\u2019 y transformaci\u00f3n digital, con 20 a\u00f1os de experiencia en campos relacionados con la banca, como mercados de capitales, M&#038;A, pr\u00e9stamos y venture creation. Se ha especializado en el \u00e1rea de nuevos modelos de negocio para BBVA, especialmente en cr\u00e9ditos tanto para particulares como para pymes. \n<!--FIN-->\n\n<!--INICIO-->\n<p>\n<h2 style=\"text-align: center;\"><img loading=\"lazy\" class=\"aligncenter size-medium wp-image-1214\" src=\"http:\/\/ecofin.es\/FinTech\/wp-content\/uploads\/2021\/02\/ignaciocea.jpg\" alt=\"Ignacio Cea\" width=\"300\" height=\"300\" \/><\/a><\/h2>\n<h2 style=\"text-align: center;\">Ignacio Cea<\/h2>\n<p style=\"text-align: center;\"><strong>Executive Manager for Cibersecurity and Innovation de Bankia.<\/strong><\/p>\nIngeniero industrial por la Universidad Polit\u00e9cnica de Madrid (UPM). Master en Administraci\u00f3n de Empresas por la Escuela de Organizaci\u00f3n\nIndustrial (EOI). Programa de Direcci\u00f3n General por el IESE.\nEjecutivo senior especializado en la transformaci\u00f3n de organizaciones en los sectores de banca, utilities y consultor\u00eda. Con m\u00e1s de 25 a\u00f1os de experiencia profesional, antes de unirse a Bankia, desarroll\u00f3 su carrera profesional en empresas como Indra , Iberdrola, IBM, CECA, Grupo Santander y Barclays. Tanto en el Grupo Santander, como en Barclays, ocup\u00f3 diversas posiciones directivas de \u00e1mbito\ninternacional.\n<!--FIN-->\n\n<!--INICIO-->\n<p>\n<h2 style=\"text-align: center;\"><img loading=\"lazy\" class=\"aligncenter size-medium wp-image-1214\" src=\"http:\/\/ecofin.es\/FinTech\/wp-content\/uploads\/2021\/03\/israelponenteunicajabanco.jpg\" alt=\"Israel Rodriguez\" width=\"300\" height=\"300\" \/><\/a><\/h2>\n<h2 style=\"text-align: center;\">Israel Rodr\u00edguez Ponce<\/h2>\n<p style=\"text-align: center;\"><strong>Responsable de Innovaci\u00f3n, OpenBanking y Alianzas Estrat\u00e9gicas de Unicaja Banco<\/strong><\/p>\nIngeniero Superior de Telecomunicaci\u00f3n por la Universidad de Sevilla y Executive Master of Business Administration (EMBA) por la Escuela de Negocios ESADE. Cuenta con una amplia trayectoria profesional de m\u00e1s de 13 a\u00f1os en el mundo de la innovaci\u00f3n, habiendo colaborado tanto con el sector privado -Vodafone, Acciona, Banco Popular o Banco Santander- como con administraciones p\u00fablicas -Junta de Andaluc\u00eda, Centro para el Desarrollo Tecnol\u00f3gico Industrial (CDTI), universidades, ayuntamientos, etc.-. Como Responsable de Innovaci\u00f3n, OpenBanking y Alianzas Estrat\u00e9gicas, dentro del Departamento de Transformaci\u00f3n e Innovaci\u00f3n de Unicaja Banco, defiende la innovaci\u00f3n y la transformaci\u00f3n digital como competencias claves para mantener la rentabilidad y la sostenibilidad del modelo de negocio en el medio-largo plazo.\n<!--FIN-->\n\n<!--INICIO-->\n<p>\n<h2 style=\"text-align: center;\"><img loading=\"lazy\" class=\"aligncenter size-medium wp-image-1214\" src=\"http:\/\/ecofin.es\/FinTech\/wp-content\/uploads\/2021\/02\/Benjam\u00ed-Puigdevall-CEO-de-Imagin-scaled.jpg\" alt=\"Benjami Puigdevall\" width=\"300\" height=\"300\" \/><\/a><\/h2>\n<h2 style=\"text-align: center;\">Benjami Puigdevall<\/h2>\n<p style=\"text-align: center;\"><strong>CEO de Imagin<\/strong><\/p>\nBenjam\u00ed ha trabajado en el sector financiero los \u00faltimos 20 a\u00f1os. Toda su carrera profesional se ha desarrollado en CaixaBank en distitos \u00e1mbitos, siempre con responsabilidades en la direcci\u00f3n de la estrategia digital de la Entidad. Actualmente es el Chief Executive Officer de Imagin, una plataforma de servicios digitales y estilo de vida para milenials y centenials.\n \n<!--FIN-->\n\n<!--INICIO-->\n<p>\n<h2 style=\"text-align: center;\"><img loading=\"lazy\" class=\"aligncenter size-medium wp-image-1214\" src=\"http:\/\/ecofin.es\/FinTech\/wp-content\/uploads\/2021\/03\/ponentejlmarina.jpg\" alt=\"Jose Luis Marina\" width=\"300\" height=\"300\" \/><\/a><\/h2>\n<h2 style=\"text-align: center;\">Jos\u00e9 Luis Marina<\/h2>\n<p style=\"text-align: center;\"><strong>CDO de Housers<\/strong><\/p>\nCDO de Housers, con m\u00e1s de trece a\u00f1os de experiencia en marketing digital y comunicaci\u00f3n. Responsable de marca retail y consumo, digitalizaci\u00f3n de procesos de venta omnicanal en Mercedes-Benz, Lidl, Sanitas, Endesa. PDD IESE y especializado en Big Data y anal\u00edtica.\n \n<!--FIN-->\n\n<!--INICIO-->\n<!--<p>\n<h2 style=\"text-align: center;\"><img loading=\"lazy\" class=\"aligncenter size-medium wp-image-1214\" src=\"http:\/\/ecofin.es\/FinTech\/wp-content\/uploads\/2021\/02\/X.jpg\" alt=\"Francisco Sierra\" width=\"300\" height=\"300\" \/><\/a><\/h2>\n<h2 style=\"text-align: center;\">Francisco Sierra<\/h2>\n<p style=\"text-align: center;\"><strong>N26<\/strong><\/p>\nbio.-->\n<!--FIN-->\n\n<!--INICIO-->\n<p>\n<h2 style=\"text-align: center;\"><img loading=\"lazy\" class=\"aligncenter size-medium wp-image-1214\" src=\"http:\/\/ecofin.es\/FinTech\/wp-content\/uploads\/2021\/02\/guillermovicandi.jpg\" alt=\"Guillermo Vicandi\" width=\"300\" height=\"300\" \/><\/a><\/h2>\n<h2 style=\"text-align: center;\">Guillermo Vicandi<\/h2>\n<p style=\"text-align: center;\"><strong>CEO de Bnext<\/strong><\/p>\nLicenciado en ADE y Derecho por la Universidad Aut\u00f3noma de Madrid, estudi\u00f3 un a\u00f1o en Universit\u00e9 Paris Dauphine (France) y cuenta con un m\u00e1ster en Finanzas. Ha trabajado en BBVA e ING como analista corporativo y en banca de inversi\u00f3n. Tiene experiencia en despachos jur\u00eddicos especializados en arbitraje y derecho mercantil. Ha participado en las sesiones internacionales del Model European Parliament (MEP). Desde hace 6 a\u00f1os es mentor en Okurri Ventures y Tetuan Valley. Ha sido elegido por la revista Business Insider como uno de los emprendedores menores de 35 a\u00f1os m\u00e1s influyentes y ha sido nombrado CEO del a\u00f1o 2020 en la categor\u00eda joven\/Startup, por el Club CEO. \n<!--FIN-->\n\n<!--INICIO-->\n<p>\n<h2 style=\"text-align: center;\"><img loading=\"lazy\" class=\"aligncenter size-medium wp-image-1214\" src=\"http:\/\/ecofin.es\/FinTech\/wp-content\/uploads\/2021\/02\/carlesmarcos.jpg\" alt=\"Carles Marcos\" width=\"300\" height=\"300\" \/><\/a><\/h2>\n<h2 style=\"text-align: center;\">Carles Marcos<\/h2>\n<p style=\"text-align: center;\"><strong>Country Manager Spain de Qonto<\/strong><\/p>\nSe gradu\u00f3 en Administraci\u00f3n y Direcci\u00f3n de Empresas en ESADE (2010-2014),  con pr\u00e1cticas en McCann en Londres, Henkel en Shanghai y Rocket Internet en M\u00fanich. Al finalizar sus estudios, empez\u00f3 su etapa en consultor\u00eda estrat\u00e9gica en el sector de la automoci\u00f3n (Audi, VW, Ford y Porsche, entre otras) y de la banca (Banc Sabadell) en Nexe Group. En 2016, volvi\u00f3 al mundo de las startups e inici\u00f3 su etapa de ventas y desarrollo de\nnegocio en la fintech brit\u00e1nica GoCardless, liderando la expansi\u00f3n en el\nmercado espa\u00f1ol. En 2019 se uni\u00f3 a Qonto, neobanco l\u00edder para empresas y\naut\u00f3nomos en Europa, como Country Manager para Espa\u00f1a.\n<!--FIN-->\n\n<!--INICIO-->\n<p>\n<h2 style=\"text-align: center;\"><img loading=\"lazy\" class=\"aligncenter size-medium wp-image-1214\" src=\"http:\/\/ecofin.es\/FinTech\/wp-content\/uploads\/2020\/01\/PonenteGregoire.jpg\" alt=\"Gregoire de Lestapis\" width=\"300\" height=\"300\" \/><\/a><\/h2>\n<h2 style=\"text-align: center;\">Gr\u00e9goire de Lestapis<\/h2>\n<p style=\"text-align: center;\"><strong>CEO de October Espa\u00f1a<\/strong><\/p>\nMiembro del Comit\u00e9 Ejecutivo de October y CEO de October Espa\u00f1a. Con m\u00e1s de 30 a\u00f1os de experiencia en el sector bancario en Asia, \u00c1frica, Europa y Am\u00e9rica. Tras ocupar varios puestos en Soci\u00e9t\u00e9 G\u00e9n\u00e9rale y Banque Indosuez, trabaj\u00f3 como director de la filial brit\u00e1nica de Cr\u00e9dit Agricole Carr Futures, donde luego pas\u00f3 a ser responsable de ventas de la actividad de mercados globales de BBVA en Europa y despu\u00e9s en Asia. Posteriormente se hizo cargo de las actividades de Corporate Investment Banking de BBVA en Am\u00e9rica Latina. Su \u00faltimo puesto fue como Director General de BBVA en Francia. Tiene un M\u00e1ster en Finanzas Internacionales de la Universidad Paris-Dauphine.\n<!--FIN-->\n\n<!--INICIO-->\n<p>\n<h2 style=\"text-align: center;\"><img loading=\"lazy\" class=\"aligncenter size-medium wp-image-1214\" src=\"http:\/\/ecofin.es\/FinTech\/wp-content\/uploads\/2021\/02\/luiscastillo.jpg\" alt=\"Luis Castillo\" width=\"300\" height=\"300\" \/><\/a><\/h2>\n<h2 style=\"text-align: center;\">Luis Castillo<\/h2>\n<p style=\"text-align: center;\"><strong>Fundador y CEO de SeniorsLeading (Silver Money)<\/strong><\/p>\nMBA y diploma de Postgrado en Publicidad y Marketing en Internet por Florida Atlantic University. Preside la Comisi\u00f3n de Silver Economy en el Cl\u00faster MAD FinTech, que compatibiliza con su responsabilidad al frente de SilverMoney, creada a partir de SeniorsLeading, que funda en 2018 como ecosistema FinTech intergeneracional que posiciona a los Seniors +60 como protagonistas en la generaci\u00f3n de ingresos mensuales en las cuentas bancarias de sus hijos y nietos mayores de edad. Ha trabajado durante m\u00e1s de veinte a\u00f1os en el sector financiero, ocupando diferentes posiciones de desarrollo de negocio para finalizar dirigiendo la red nacional en Espa\u00f1a de un banco norteamericano, para el asesoramiento financiero de sus clientes de alta capacidad de inversi\u00f3n en mercados internacionales.\n<!--FIN-->\n\n\n<!--INICIO-->\n<p>\n<h2 style=\"text-align: center;\"><img loading=\"lazy\" class=\"aligncenter size-medium wp-image-1214\" src=\"http:\/\/ecofin.es\/FinTech\/wp-content\/uploads\/2021\/02\/antoniocantalapiedra.jpg\" alt=\"Antonio Cantalapiedra\" width=\"300\" height=\"300\" \/><\/a><\/h2>\n<h2 style=\"text-align: center;\">Antonio Cantalapiedra<\/h2>\n<p style=\"text-align: center;\"><strong>Founder &#038; CEO de Woonivers<\/strong><\/p>\nDirectivo en empresas tecnol\u00f3gicas como Blackberry. Emprendedor en serie. CEO de myTaxi (actual FreeNow) hasta 2017 en el Sur de Europa. Business Angel en startups como Balandra Software, Binfluencer, Capaball, MadeinM\u00f6bile. Visiting Lecturer (Harvard Business School, IE Business School, ESADE BS, UNED, ISDI, Centro Villanueva) y Profesor en ICADE Business School, Endicott College, UCLM, Global Business School, UNIR, Universidad Sergio Arboleda (Colombia), entre otras. Es Consejero asesor de IoMob y asesor en temas de movilidad en Gerson Lehrman Group (GLC). Socio en Founders Institute (Silicon Valley, USA)- aceleradora estadounidense de startups. MBA por ICADE y GAMP por ESADE Business School y McDonough Business School (Georgetown University). Diploma en Relaciones Internacionales y M\u00e1ster en Derecho y Ciencia Pol\u00edtica.\n<!--FIN-->\n\n<!--INICIO-->\n<p>\n<h2 style=\"text-align: center;\"><img loading=\"lazy\" class=\"aligncenter size-medium wp-image-1214\" src=\"http:\/\/ecofin.es\/FinTech\/wp-content\/uploads\/2021\/02\/raquelgarces.jpg\" alt=\"Raquel Garc\u00e9s\" width=\"300\" height=\"300\" \/><\/a><\/h2>\n<h2 style=\"text-align: center;\">Raquel Garc\u00e9s<\/h2>\n<p style=\"text-align: center;\"><strong>CEO de Aplazame<\/strong><\/p>\nLicenciada en Econom\u00eda y Administraci\u00f3n de Empresas por la Universidad Comercial de Deusto (Bilbao) y MBA por INSEAD (Fontainebleau, Francia).  Con m\u00e1s de 20 a\u00f1os de experiencia internacional asesorando en estrategia y desarrollo corporativo a bancos, aseguradoras y empresas de pagos internacionales, Raquel aterriza en Aplazame en 2020 para liderar el crecimiento y consolidaci\u00f3n de la empresa fintech nacida en 2014 y comprada en 2018 por el banco WiZink. Es adem\u00e1s Chief Digital Business Officer de WiZink y miembro del Comit\u00e9 de Direcci\u00f3n del Banco, cargo que compagina con la direcci\u00f3n de Aplazame.\n<!--FIN-->\n\n\n<!--INICIO-->\n<p>\n<h2 style=\"text-align: center;\"><img loading=\"lazy\" class=\"aligncenter size-medium wp-image-1214\" src=\"http:\/\/ecofin.es\/FinTech\/wp-content\/uploads\/2021\/02\/giorgiosemenzato.jpg\" alt=\"Giorgio Semenzato\" width=\"300\" height=\"300\" \/><\/a><\/h2>\n<h2 style=\"text-align: center;\">Giorgio Semenzato<\/h2>\n<p style=\"text-align: center;\"><strong>CEO de Finizens<\/strong><\/p>\nGiorgio Semenzato, ingeniero de telecomunicaciones de formaci\u00f3n, es CEO y cofundador de Finizens. En la actualidad tambi\u00e9n preside la comisi\u00f3n de Inversi\u00f3n y Wealthtech de Madrid Capital Fintech. Giorgio tambi\u00e9n ha desempe\u00f1ado labores de profesor invitado, impartiendo diversas charlas sobre gesti\u00f3n indexada y wealthtech en instituciones como CUNEF, IEB, IE Business School o la Universidad de Navarra. \n<!--FIN-->\n\n<!--INICIO-->\n<p>\n<h2 style=\"text-align: center;\"><img loading=\"lazy\" class=\"aligncenter size-medium wp-image-1214\" src=\"http:\/\/ecofin.es\/FinTech\/wp-content\/uploads\/2021\/03\/aiyanapleo.jpg\" alt=\"Aiyana Moorhead\" width=\"300\" height=\"300\" \/><\/a><\/h2>\n<h2 style=\"text-align: center;\">Aiyana Moorhead<\/h2>\n<p style=\"text-align: center;\"><strong>Country Manager Spain at Pleo<\/strong><\/p>\nEs graduada en Antropolog\u00eda y Relaciones Internacionales por la Universidad de Boston y M\u00e1ster en Marketing y Comunicaci\u00f3n en IE Business School de Madrid. Fue parte del equipo encargado del lanzamiento de Amovens en Espa\u00f1a, impulsando la llegada de este nuevo concepto de movilidad colaborativa al mercado local. Como mano derecha del CEO, contribuy\u00f3 al r\u00e1pido crecimiento de la compa\u00f1\u00eda, que pas\u00f3 de tres a 30 empleados en menos de un a\u00f1o y que alcanz\u00f3 el mill\u00f3n de usuarios en su app. En 2017 se uni\u00f3 a Pleo como parte del primer equipo de ventas y, desde entonces, ha ido escalando dentro de la propia compa\u00f1\u00eda, trabajando entre Copenhague y Londres, y jugando un papel fundamental en la primera aventura internacional de la startup danesa: su entrada en Reino Unido. Con la llegada de Pleo a Espa\u00f1a, Aiyana Moorhead es la responsable de dirigir el negocio en nuestro pa\u00eds, liderando la estrategia de crecimiento para este nuevo mercado.\n<!--FIN-->\n\n\n<!--INICIO-->\n<p>\n<h2 style=\"text-align: center;\"><img loading=\"lazy\" class=\"aligncenter size-medium wp-image-1214\" src=\"http:\/\/ecofin.es\/FinTech\/wp-content\/uploads\/2021\/02\/luisasensio.jpg\" alt=\"Luis Asensio\" width=\"300\" height=\"300\" \/><\/a><\/h2>\n<h2 style=\"text-align: center;\">Luis Asensio<\/h2>\n<p style=\"text-align: center;\"><strong>Director Sector Banca en Vector ITC, a Softtek Company<\/strong><\/p>\nM\u00e1s de 30 a\u00f1os en el mundo de la tecnolog\u00eda y las entidades financieras, en empresas como IBM y Grupo Santander, ayudando a la transformaci\u00f3n digital en el sector financiero y liderando el desarrollo e implantaci\u00f3n de SW bancario en diferentes pa\u00edses: Espa\u00f1a, USA, UK, M\u00e9xico, Brasil, Chile, Colombia y Per\u00fa. Actualmente en Vector ITC, a Softtek Company, dirige el sector bancario para Europa.\n<!--FIN-->\n\n<!--INICIO-->\n<p>\n<h2 style=\"text-align: center;\"><img loading=\"lazy\" class=\"aligncenter size-medium wp-image-1214\" src=\"http:\/\/ecofin.es\/FinTech\/wp-content\/uploads\/2021\/03\/jaimegaldeanoponente.jpg\" alt=\"Jaime Galdeano\" width=\"300\" height=\"300\" \/><\/a><\/h2>\n<h2 style=\"text-align: center;\">Jaime Galdeano<\/h2>\n<p style=\"text-align: center;\"><strong>Director de Tecnolog\u00eda y Operaciones \u2013 Movilidad Empresas en Banco Santander<\/strong><\/p>\nDirector de Tecnolog\u00eda y Operaciones para Movilidad en Empresas, con vinculaci\u00f3n a mundo de los Canales durante toda su carrera en el Grupo Santander, participando activamente en los procesos de integraci\u00f3n de Banesto y Banco Popular. Actualmente liderando en el \u00c1rea Digital la transformaci\u00f3n de las aplicaciones para Empresas.\n<!--FIN-->\n\n<!--INICIO-->\n<p>\n<h2 style=\"text-align: center;\"><img loading=\"lazy\" class=\"aligncenter size-medium wp-image-1214\" src=\"http:\/\/ecofin.es\/FinTech\/wp-content\/uploads\/2021\/03\/blancaponente.jpg\" alt=\"Blanca Trevi\u00f1o\" width=\"300\" height=\"300\" \/><\/a><\/h2>\n<h2 style=\"text-align: center;\">Blanca Trevi\u00f1o<\/h2>\n<p style=\"text-align: center;\"><strong>Presidenta y CEO de Softtek<\/strong><\/p>\nPresidenta y CEO de Softtek, empresa global de soluciones digitales que se distingue por ser la m\u00e1s grande surgida de Latinoam\u00e9rica.  Softtek ayuda a sus clientes a descubrir oportunidades, construir capacidades tecnol\u00f3gicas y a optimizar su desempe\u00f1o mediante el uso de datos, automatizaci\u00f3n e inteligencia artificial. Vicepresidenta del Consejo Mexicano de Negocios, es miembro del Consejo Asesor de la Escuela de Ingenier\u00eda del MIT, de la junta directiva de Walmart M\u00e9xico, Americas Society and Council of the Americas, el Consejo Iberoamericano de Productividad y Competitividad, Grupo Lala, la Bolsa Mexicana de Valores, as\u00ed como diversas universidades, incluyendo su alma mater, Tecnol\u00f3gico de Monterrey (ITESM).\n\n<!--FIN-->\n\n<!--INICIO-->\n<p>\n<h2 style=\"text-align: center;\"><img loading=\"lazy\" class=\"aligncenter size-medium wp-image-1214\" src=\"http:\/\/ecofin.es\/FinTech\/wp-content\/uploads\/2021\/02\/carmenfww.jpg\" alt=\"Carmen M\u00aa Garc\u00eda\" width=\"300\" height=\"300\" \/><\/a><\/h2>\n<h2 style=\"text-align: center;\">Carmen M\u00aa Garc\u00eda<\/h2>\n<p style=\"text-align: center;\"><strong>Presidenta de Fundaci\u00f3n Woman&#8217;s Week<\/strong><\/p>\nPreside FWW,  la fundaci\u00f3n de la Igualdad. En este desempe\u00f1o, mantiene una relaci\u00f3n muy fluida de colaboraci\u00f3n p\u00fablico-privada con el poder legislativo y ejecutivo, tanto el Gobierno central, como los auton\u00f3micos y ayuntamientos. Adem\u00e1s, preside la comisi\u00f3n de Econom\u00eda con Visi\u00f3n de G\u00e9nero del cl\u00faster MAD FinTech. Su experiencia en Prensa y Publicidad pasa por Europa Press, Telva, Mercado de Riesgos o la revista \u2018Q\u2019, Calidad Tur\u00edstica, de la que fue directora. Tras su paso por la agencia Market Hole, fund\u00f3 su propia agencia de Comunicaci\u00f3n y Marketing en 1995, denominada Hic &#038; Now. Desde esta agencia ha asesorado a empresarios, empresas, asociaciones empresariales, organismos p\u00fablicos y ONGs. Adem\u00e1s, ha creado e impartido numerosos programas de Formaci\u00f3n in company.\n<!--FIN-->\n","protected":false},"excerpt":{"rendered":"<p>Bego\u00f1a Villac\u00eds Vicealcaldesa de Madrid Miguel \u00c1ngel Redondo Delegado del \u00c1rea de Econom\u00eda, Innovaci\u00f3n y Empleo del Ayuntamiento de Madrid Salvador Molina Presidente de Foro ECOFIN y del cl\u00faster Madrid Capital FinTech (MAD FinTech) Periodista econ\u00f3mico y autor de numerosos libros sobre Econom\u00eda y Management, entre ellos \u2018Conferenciantes Imprescindibles\u2019 (2020), \u2018Talentocracia\u2019 o \u2018Los Imprescindibles del<\/p>\n<div><a class=\"btn-filled btn\" href=\"https:\/\/ecofin.es\/FinTech\/ponentes\/\" title=\"Ponentes\">Leer m\u00e1s<\/a><\/div>\n","protected":false},"author":1,"featured_media":0,"parent":0,"menu_order":0,"comment_status":"closed","ping_status":"closed","template":"","meta":[],"_links":{"self":[{"href":"https:\/\/ecofin.es\/FinTech\/wp-json\/wp\/v2\/pages\/332"}],"collection":[{"href":"https:\/\/ecofin.es\/FinTech\/wp-json\/wp\/v2\/pages"}],"about":[{"href":"https:\/\/ecofin.es\/FinTech\/wp-json\/wp\/v2\/types\/page"}],"author":[{"embeddable":true,"href":"https:\/\/ecofin.es\/FinTech\/wp-json\/wp\/v2\/users\/1"}],"replies":[{"embeddable":true,"href":"https:\/\/ecofin.es\/FinTech\/wp-json\/wp\/v2\/comments?post=332"}],"version-history":[{"count":54,"href":"https:\/\/ecofin.es\/FinTech\/wp-json\/wp\/v2\/pages\/332\/revisions"}],"predecessor-version":[{"id":494,"href":"https:\/\/ecofin.es\/FinTech\/wp-json\/wp\/v2\/pages\/332\/revisions\/494"}],"wp:attachment":[{"href":"https:\/\/ecofin.es\/FinTech\/wp-json\/wp\/v2\/media?parent=332"}],"curies":[{"name":"wp","href":"https:\/\/api.w.org\/{rel}","templated":true}]}}