{"id":28,"date":"2020-01-09T10:35:31","date_gmt":"2020-01-09T10:35:31","guid":{"rendered":"http:\/\/ecofin.es\/FinTech\/?page_id=28"},"modified":"2022-07-05T10:03:31","modified_gmt":"2022-07-05T09:03:31","slug":"cluster-fintech","status":"publish","type":"page","link":"https:\/\/ecofin.es\/FinTech\/cluster-fintech\/","title":{"rendered":"&nbsp; <!--Cl\u00faster MAD FinTech-->"},"content":{"rendered":"\r\n<center><h2><font size=\"50px\" color=\"#1e73be\" family=\"Maven Pro\">Cl\u00faster MAD FinTech<\/font><\/center><\/h2>\r\n<p>El cl\u00faster <strong>MADRID CAPITAL FINTECH<\/strong> es una asociaci\u00f3n sin \u00e1nimo de lucro que nace por el impulso del <strong>AYUNTAMIENTO DE MADRID<\/strong>, con el liderazgo del <strong>FORO ECOFIN<\/strong> a trav\u00e9s de su grupo de trabajo <strong>C\u00cdRCULO FINTECH<\/strong>, cuya treintena de compa\u00f1\u00edas se constituyen en socios fundadores del cl\u00faster.<\/p>\r\n\r\n\r\n\r\n<p>MADRID CAPITAL FINTECH re\u00fane a empresas mercantiles, entidades financieras, asociaciones, centros de formaci\u00f3n e instituciones, tanto p\u00fablicas como privadas, que desarrollan actividades en el \u00e1rea de Madrid con vocaci\u00f3n global y que se asocian libremente para impulsar el desarrollo del ecosistema FinTech en Madrid y desde Madrid en proyecci\u00f3n internacional.<\/p>\r\n\r\n\r\n<hr class=\"wp-block-separator\" \/>\r\n\r\n\r\n<h3><strong>\u00danete al Cluster MAD FinTech<\/strong><\/h3>\r\n\r\n\r\n\r\n<p class=\"has-text-color has-medium-font-size has-very-dark-gray-color\">Si quieres formar parte de una iniciativa \u00fanica en Espa\u00f1a y con proyecci\u00f3n internacional, entra en <a href=\"http:\/\/www.madfintech.es\"><strong>www.madfintech.es<\/strong><\/a> y s\u00famate al Cl\u00faster Madrid Capital FinTech.<\/p>\r\n\r\n\r\n\r\n<p>&nbsp;<\/p>\r\n\r\n\r\n<hr class=\"wp-block-separator\" \/>\r\n\r\n\r\n<h3><strong>Prop\u00f3sito, Visi\u00f3n y Misi\u00f3n<\/strong><\/h3>\r\n\r\n\r\n\r\n<p><strong>MADRID CAPITAL FINTECH<\/strong> se estructura en estos objetivos fundacionales:<\/p>\r\n\r\n\r\n\r\n<h5>a) <strong>Reinventar los Servicios Financieros del futuro<\/strong> en todos sus \u00e1mbitos<\/h5>\r\n\r\n\r\n\r\n<p>Medios de pago, servicios bancarios, el seguro, el ahorro y la inversi\u00f3n; mediante la generaci\u00f3n de <em>espacios de ideaci\u00f3n, debate, co-creaci\u00f3n, formaci\u00f3n, estimulaci\u00f3n del talento e innovaci\u00f3n abierta.<\/em><\/p>\r\n\r\n\r\n\r\n<h5>b) Ser <strong>laboratorio de ideas <\/strong>para el progreso de los Servicios Financieros<\/h5>\r\n\r\n\r\n\r\n<p>Aprovechando las oportunidades que genera la revoluci\u00f3n tecnol\u00f3gica y la innovaci\u00f3n.<\/p>\r\n\r\n\r\n\r\n<h5>c) Liderar el desarrollo de un <strong>Ecosistema FinTech<\/strong><\/h5>\r\n\r\n\r\n\r\n<p>Mediante la promoci\u00f3n de una cultura de la colaboraci\u00f3n, la innovaci\u00f3n abierta y la generaci\u00f3n de sinergias entre los distintos agentes preexistentes y futuros que podamos atraer al \u00e1rea de Madrid, contribuyendo a generar y retener talento.<\/p>\r\n\r\n\r\n\r\n<h5>d) Contribuir a posicionar a Madrid como <strong>Capital FinTech<\/strong><\/h5>\r\n\r\n\r\n\r\n<p>Interconectada con el ecosistema europeo y mundial de grandes capitales digitales y financieras.<\/p>\r\n\r\n\r\n\r\n<h5>e) Facilitar la colaboraci\u00f3n y la <strong>innovaci\u00f3n abierta<\/strong><\/h5>\r\n\r\n\r\n\r\n<p>Entre entidades financieras, compa\u00f1\u00edas de seguro, agentes del mercado financiero, entidades bancarias, nuevas empresas incumbentes de servicios financieros de base tecnol\u00f3gica, centros de formaci\u00f3n e innovaci\u00f3n, tecnol\u00f3gicas, instituciones, asociaciones y otros agentes econ\u00f3micos que trabajan en el \u00e1mbito de los Servicios Financieros en el \u00e1rea de Madrid, p\u00fablicas y privadas, con vocaci\u00f3n global.<\/p>\r\n\r\n\r\n\r\n<h5>f) Contribuir desde Madrid al <strong>desarrollo del sector en Espa\u00f1a y la Uni\u00f3n Europea<\/strong><\/h5>\r\n\r\n\r\n<hr class=\"wp-block-separator has-text-color has-background has-vivid-cyan-blue-background-color has-vivid-cyan-blue-color\" \/>\r\n\r\n\r\n<h3><strong>Actividades<\/strong><\/h3>\r\n\r\n\r\n\r\n<p>Para la mejor consecuci\u00f3n de sus fines, <strong>MADRID CAPITAL FINTECH<\/strong> llevar\u00e1 a cabo las actividades que considere adecuadas, como por ejemplo:<\/p>\r\n\r\n\r\n\r\n<p>&nbsp;<\/p>\r\n<ol>\r\n<li>Generaci\u00f3n de talento mediante el <strong>fomento de la formaci\u00f3n y capacitaci\u00f3n<\/strong> para la mejor cualificaci\u00f3n de profesionales.<br \/><br \/><\/li>\r\n<li>La promoci\u00f3n y desarrollo de <strong>proyectos de I+D+i en el sector<\/strong>, bien directa o indirectamente mediante la colaboraci\u00f3n en redes de desarrollo empresarial.<br \/><br \/><\/li>\r\n<li>La promoci\u00f3n, organizaci\u00f3n, colaboraci\u00f3n o patrocinio en <strong>congresos, conferencias, jornadas, coloquios, exposiciones<\/strong>, u otras actividades de cualquier \u00edndole de inter\u00e9s para el sector.<br \/><br \/><\/li>\r\n<li>La organizaci\u00f3n de <strong>cursos de formaci\u00f3n y sensibilizaci\u00f3n<\/strong>, conferencias, reuniones, seminarios y otros an\u00e1logos, as\u00ed como la utilizaci\u00f3n de medios de comunicaci\u00f3n social para el desarrollo y divulgaci\u00f3n de actividades.<br \/><br \/><\/li>\r\n<li>La <strong>elaboraci\u00f3n, edici\u00f3n y distribuci\u00f3n de publicaciones<\/strong> para dar conocer temas relacionados con el sector.<br \/><br \/><\/li>\r\n<li>La realizaci\u00f3n de <strong>informes, estudios, gu\u00edas<\/strong> y otros documentos en materia de Servicios Financieros y FinTech.<br \/><br \/><\/li>\r\n<li>La promoci\u00f3n de los <strong>sistemas de acreditaci\u00f3n y homologaci\u00f3n<\/strong> de productos, servicios y sistemas, incluido el reconocimiento a las personas, empresas y entidades en el sector financiero y FinTech.<br \/><br \/><\/li>\r\n<li><strong>Promover la cooperaci\u00f3n p\u00fablico-privada<\/strong> con las Administraciones en todo lo referente al sector financiero y FinTech.<br \/><br \/><\/li>\r\n<li>El establecimiento de <strong>relaciones con aquellas entidades, p\u00fablicas o privadas, nacionales o internacionales<\/strong>, que persigan fines an\u00e1logos a los de la Asociaci\u00f3n.<br \/><br \/><\/li>\r\n<li><strong>Federarse, asociarse o fusionarse con otras entidades<\/strong> cualquiera que sea su \u00e1mbito territorial de actuaci\u00f3n, as\u00ed como participar en las mismas.<br \/><br \/><\/li>\r\n<li>El desarrollo de <strong>servicios empresariales<\/strong> que se enmarquen en los fines de la Asociaci\u00f3n.<br \/><br \/><\/li>\r\n<li><strong>Desarrollar actividades econ\u00f3micas<\/strong> de todo tipo encaminadas a la consecuci\u00f3n de sus objetivos, o allegar recursos para ello.<\/li>\r\n<\/ol>\r\n<p>&nbsp;<\/p>\r\n\r\n\r\n<hr class=\"wp-block-separator has-text-color has-background has-vivid-cyan-blue-background-color has-vivid-cyan-blue-color\" \/>\r\n\r\n\r\n<h3 style=\"text-align: center;\"><a href=\"https:\/\/madfintech.es\/\" target=\"_blank\" rel=\"noopener\">M\u00e1s informaci\u00f3n y adhesiones en este enlace<\/a><\/h3>\r\n","protected":false},"excerpt":{"rendered":"<p>Cl\u00faster MAD FinTech El cl\u00faster MADRID CAPITAL FINTECH es una asociaci\u00f3n sin \u00e1nimo de lucro que nace por el impulso del AYUNTAMIENTO DE MADRID, con el liderazgo del FORO ECOFIN a trav\u00e9s de su grupo de trabajo C\u00cdRCULO FINTECH, cuya treintena de compa\u00f1\u00edas se constituyen en socios fundadores del cl\u00faster. MADRID CAPITAL FINTECH re\u00fane a<\/p>\n<div><a class=\"btn-filled btn\" href=\"https:\/\/ecofin.es\/FinTech\/cluster-fintech\/\" title=\"&nbsp; \">Leer m\u00e1s<\/a><\/div>\n","protected":false},"author":1,"featured_media":0,"parent":0,"menu_order":0,"comment_status":"closed","ping_status":"closed","template":"page-templates\/full-width.php","meta":[],"_links":{"self":[{"href":"https:\/\/ecofin.es\/FinTech\/wp-json\/wp\/v2\/pages\/28"}],"collection":[{"href":"https:\/\/ecofin.es\/FinTech\/wp-json\/wp\/v2\/pages"}],"about":[{"href":"https:\/\/ecofin.es\/FinTech\/wp-json\/wp\/v2\/types\/page"}],"author":[{"embeddable":true,"href":"https:\/\/ecofin.es\/FinTech\/wp-json\/wp\/v2\/users\/1"}],"replies":[{"embeddable":true,"href":"https:\/\/ecofin.es\/FinTech\/wp-json\/wp\/v2\/comments?post=28"}],"version-history":[{"count":45,"href":"https:\/\/ecofin.es\/FinTech\/wp-json\/wp\/v2\/pages\/28\/revisions"}],"predecessor-version":[{"id":781,"href":"https:\/\/ecofin.es\/FinTech\/wp-json\/wp\/v2\/pages\/28\/revisions\/781"}],"wp:attachment":[{"href":"https:\/\/ecofin.es\/FinTech\/wp-json\/wp\/v2\/media?parent=28"}],"curies":[{"name":"wp","href":"https:\/\/api.w.org\/{rel}","templated":true}]}}