{"id":22,"date":"2020-01-09T10:34:47","date_gmt":"2020-01-09T10:34:47","guid":{"rendered":"http:\/\/ecofin.es\/FinTech\/?page_id=22"},"modified":"2022-05-19T19:18:13","modified_gmt":"2022-05-19T18:18:13","slug":"programa","status":"publish","type":"page","link":"https:\/\/ecofin.es\/FinTech\/programa\/","title":{"rendered":"Programa"},"content":{"rendered":"\n<h2>InnoDay FinTech 2021<\/h2>\n\n\n\n<h4>Mi\u00e9rcoles, 10 de marzo de 2021 \/ 9.30-14.45 horas. \/ La Nave<\/h4>\n\n\n\n<p><strong>Entrada gratuita previa <a href=\"http:\/\/ecofin.es\/FinTech\/inscripcion\/\" target=\"_blank\" rel=\"noreferrer noopener\" aria-label=\" (se abre en una nueva pesta\u00f1a)\">inscripci\u00f3n<\/a>.<\/strong><\/p>\n\n\n\n<h6><span style=\"color: #993300;\"><strong>9.00<\/strong><\/span> &#8211; Acreditaci\u00f3n y bienvenida<\/h6>\n\n\n\n<h6><span style=\"color: #993300;\"><strong>9.30<\/strong><\/span> &#8211; INAUGURACI\u00d3N: <strong>Madrid, Capital Financiera y FinTech<\/strong><\/h6>\n\n\n\n<p style=\"padding-left: 60px;\"><i class=\"fa fa-user \" ><\/i> \u00b7 <span style=\"color: #006ab2;\"><strong>Bego\u00f1a Villac\u00eds,<\/strong><\/span> Vicealcaldesa de Madrid.<\/p><p style=\"padding-left: 60px;\"><i class=\"fa fa-user \" ><\/i> \u00b7 <span style=\"color: #006ab2;\"><strong>Miguel \u00c1ngel Redondo,<\/strong><\/span> Concejal delegado del \u00c1rea de Econom\u00eda, Innovaci\u00f3n y Empleo del Ayto. de Madrid.<\/p>\n\n\n\n<h6><span style=\"color: #993300;\"><strong>10.15<\/strong><\/span> &#8211; DI\u00c1LOGO Y PRESENTACI\u00d3N INFORME VECTOR ITC\/MAD FINTECH: <strong>New Banking: ahora o nunca<\/strong><\/h6>\n\n\n\n<p style=\"padding-left: 60px;\"><i class=\"fa fa-user \" ><\/i> \u00b7 <span style=\"color: #006ab2;\"><strong>Salvador Molina,<\/strong><\/span> \/ <strong>Presidente de Foro ECOFIN y del cl\u00faster MAD FinTech.<\/p>\n<p style=\"padding-left: 60px;\"><i class=\"fa fa-user \" ><\/i> \u00b7 <span style=\"color: #006ab2;\"><strong>Javier Agull\u00f3<\/strong><\/span> \/ <strong>Director comercial de Vector ITC Group, a Softtek Company<\/strong> \n<p style=\"padding-left: 60px;\"><i class=\"fa fa-user \" ><\/i> \u00b7 <span style=\"color: #006ab2;\"><strong>Rafael Moreno<\/strong><\/span> \/ <strong>Director de Consultor\u00eda Estrat\u00e9gica de Vector ITC, a Softtek Company<\/strong>\n\n\n\n<h6><span style=\"color: #993300;\"><strong>11.00<\/strong><\/span> &#8211; MESA DE DI\u00c1LOGO: <strong>Qu\u00e9 hace la banca para reinventarse y volver a enamorar<\/strong><\/h6>\n\n\n\n<p style=\"padding-left: 60px;\"><i class=\"fa fa-user \" ><\/i> \u00b7 <span style=\"color: #006ab2;\"><strong>BBVA \/ Ainhoa Campo \/ <\/strong>Global Head of Open Innovation<\/span> \/ <strong>\u00abPlanificar el cambio tecnol\u00f3gico\u00bb.<\/p><p style=\"padding-left: 60px;\"><i class=\"fa fa-user \" ><\/i> \u00b7 <span style=\"color: #006ab2;\"><strong>Bankia \/ Ignacio Cea \/ <\/strong>Executive Manager in Technology, Operations, Digital Transformation, Innovation &#038; Cybersecurity<\/span> \/ <strong>\u00abCambio cultural con soporte tech\u00bb.<\/p><p style=\"padding-left: 60px;\"><i class=\"fa fa-user \" ><\/i> \u00b7 <span style=\"color: #006ab2;\"><strong>Unicaja Banco \/ Israel Rodr\u00edguez Ponce \/ <\/strong>Head of Innovation, Strategic Alliances &#038; Open Banking<\/span> \/ <strong>\u00abOpen Banking + Open Innovation\u00bb.<\/p>\n\n\n\n<h6><span style=\"color: #993300;\"><strong>12.00<\/strong><\/span> &#8211; MESA DE DI\u00c1LOGO: <strong>Qu\u00e9 hace el FinTech para inventar y proponer<\/strong><\/h6>\n\n\n\n<p style=\"padding-left: 60px;\"><i class=\"fa fa-user \" ><\/i> \u00b7 <span style=\"color: #006ab2;\"><strong>Imagin\/Benjami Puigdevall<\/strong><\/span> \/ <strong>\u00abComunidad FinTech\u00bb.<\/p><p style=\"padding-left: 60px;\"><i class=\"fa fa-user \" ><\/i> \u00b7 <span style=\"color: #006ab2;\"><strong>Housers\/Jos\u00e9 Luis Marina<\/strong><\/span> \/ <strong>\u00abInversi\u00f3n en bienes reales\u00bb.<\/p><p style=\"padding-left: 60px;\"><i class=\"fa fa-user \" ><\/i> \u00b7 <span style=\"color: #006ab2;\"><strong>Bnext\/Guillermo Vicandi<\/strong><\/span> \/ <strong>\u00abMarketplace de servicios financieros\u00bb.<\/p><p style=\"padding-left: 60px;\"><i class=\"fa fa-user \" ><\/i> \u00b7 <span style=\"color: #006ab2;\"><strong>Qonto\/Carles Marcos<\/strong><\/span> \/ <strong>\u00abNeobanca de pymes y aut\u00f3nomos\u00bb.<\/p><p style=\"padding-left: 60px;\"><i class=\"fa fa-user \" ><\/i> \u00b7 <span style=\"color: #006ab2;\"><strong>October\/Gregoire de Lestapis<\/strong><\/span> \/ <strong>\u00abCr\u00e9dito a empresas y crowdlending\u00bb.<\/p><p style=\"padding-left: 60px;\"><i class=\"fa fa-user \" ><\/i> \u00b7 <span style=\"color: #006ab2;\"><strong>SeniorsLeading (Silver Money)\/Luis Castillo<\/strong><\/span> \/ <strong>\u00abLa disrupci\u00f3n de los Seniors +60\u00bb.<\/p><p style=\"padding-left: 60px;\"><i class=\"fa fa-user \" ><\/i> \u00b7 <span style=\"color: #006ab2;\"><strong>Woonivers\/Antonio Cantalapiedra<\/strong><\/span> \/ <strong>\u00abMobility, Retail y TaxTech\u00bb.<\/p><p style=\"padding-left: 60px;\"><i class=\"fa fa-user \" ><\/i> \u00b7 <span style=\"color: #006ab2;\"><strong>Apl\u00e1zame\/Raquel Garc\u00e9s<\/strong><\/span> \/ <strong>\u00abCr\u00e9dito al consumo\u00bb.<\/p><p style=\"padding-left: 60px;\"><i class=\"fa fa-user \" ><\/i> \u00b7 <span style=\"color: #006ab2;\"><strong>Finizens\/Giorgio Semenzato<\/strong><\/span> \/ <strong>\u00abInversi\u00f3n pasiva y robo advisors\u00bb.<\/p><p style=\"padding-left: 60px;\"><i class=\"fa fa-user \" ><\/i> \u00b7 <span style=\"color: #006ab2;\"><strong>Pleo\/Aiyana Moorhead<\/strong><\/span> \/ <strong>\u00abTarjetas y Cr\u00e9dito para empresas\u00bb.<\/p>\n\n\n\n<h6><span style=\"color: #993300;\"><strong>13.15<\/strong><\/span> &#8211; DI\u00c1LOGO INTERNACIONAL: <strong>Visi\u00f3n, misi\u00f3n y prop\u00f3sito de la banca en 2021 y siguientes<\/strong><\/h6>\n\n\n\n<p style=\"padding-left: 60px;\"><i class=\"fa fa-user \" ><\/i> \u00b7 <span style=\"color: #006ab2;\"><strong>Luis Asensio,<\/strong><\/span> director Sector Banca en Vector ITC, a Softtek Company.<\/p><p style=\"padding-left: 60px;\"><i class=\"fa fa-user \" ><\/i> \u00b7 <span style=\"color: #006ab2;\"><strong>Jaime Galdeano, <\/strong><\/span>director de Tecnolog\u00eda y Operaciones  &#8211; Movilidad Empresas en Banco Santander.<\/p>\n\n\n\n<h6><span style=\"color: #993300;\"><strong>13.45<\/strong><\/span> &#8211; DI\u00c1LOGO Y CIERRE: <strong>Finanzas con visi\u00f3n de g\u00e9nero<\/strong><\/h6>\n\n\n\n<p style=\"padding-left: 60px;\"><i class=\"fa fa-user \" ><\/i> \u00b7 <span style=\"color: #006ab2;\"><strong>Blanca Trevi\u00f1o, <\/strong><\/span>presidenta y CEO en Softtek.<\/p><p style=\"padding-left: 60px;\"><i class=\"fa fa-user \" ><\/i> \u00b7 <span style=\"color: #006ab2;\"><strong>Carmen M\u00aa Garc\u00eda, <\/strong><\/span>presidenta fundadora de la Fundaci\u00f3n Woman\u2019s Week y presidenta de la Comisi\u00f3n de Econom\u00eda con Visi\u00f3n de G\u00e9nero de MAD FinTech.<\/p>\n\n\n\n<h6><span style=\"color: #993300;\"><strong>14.30<\/strong><\/span> &#8211; Fin de la jornada.<\/h6>\n\n\n\n<p><a href=\"http:\/\/ecofin.es\/FinTech\/inscripcion\/\"><strong>\u00a1Inscr\u00edbete!<\/strong><\/a><\/p>\n","protected":false},"excerpt":{"rendered":"<p>InnoDay FinTech 2021 Mi\u00e9rcoles, 10 de marzo de 2021 \/ 9.30-14.45 horas. \/ La Nave Entrada gratuita previa inscripci\u00f3n. 9.00 &#8211; Acreditaci\u00f3n y bienvenida 9.30 &#8211; INAUGURACI\u00d3N: Madrid, Capital Financiera y FinTech \u00b7 Bego\u00f1a Villac\u00eds, Vicealcaldesa de Madrid. \u00b7 Miguel \u00c1ngel Redondo, Concejal delegado del \u00c1rea de Econom\u00eda, Innovaci\u00f3n y Empleo del Ayto. de Madrid.<\/p>\n<div><a class=\"btn-filled btn\" href=\"https:\/\/ecofin.es\/FinTech\/programa\/\" title=\"Programa\">Leer m\u00e1s<\/a><\/div>\n","protected":false},"author":1,"featured_media":0,"parent":0,"menu_order":0,"comment_status":"closed","ping_status":"closed","template":"page-templates\/full-width.php","meta":[],"_links":{"self":[{"href":"https:\/\/ecofin.es\/FinTech\/wp-json\/wp\/v2\/pages\/22"}],"collection":[{"href":"https:\/\/ecofin.es\/FinTech\/wp-json\/wp\/v2\/pages"}],"about":[{"href":"https:\/\/ecofin.es\/FinTech\/wp-json\/wp\/v2\/types\/page"}],"author":[{"embeddable":true,"href":"https:\/\/ecofin.es\/FinTech\/wp-json\/wp\/v2\/users\/1"}],"replies":[{"embeddable":true,"href":"https:\/\/ecofin.es\/FinTech\/wp-json\/wp\/v2\/comments?post=22"}],"version-history":[{"count":68,"href":"https:\/\/ecofin.es\/FinTech\/wp-json\/wp\/v2\/pages\/22\/revisions"}],"predecessor-version":[{"id":500,"href":"https:\/\/ecofin.es\/FinTech\/wp-json\/wp\/v2\/pages\/22\/revisions\/500"}],"wp:attachment":[{"href":"https:\/\/ecofin.es\/FinTech\/wp-json\/wp\/v2\/media?parent=22"}],"curies":[{"name":"wp","href":"https:\/\/api.w.org\/{rel}","templated":true}]}}