{"id":29,"date":"2020-10-14T11:48:25","date_gmt":"2020-10-14T11:48:25","guid":{"rendered":"http:\/\/ecofin.es\/ElDespertador\/?page_id=29"},"modified":"2020-11-25T11:23:58","modified_gmt":"2020-11-25T11:23:58","slug":"candidatos","status":"publish","type":"page","link":"https:\/\/ecofin.es\/ElDespertador\/candidatos\/","title":{"rendered":"Candidatos"},"content":{"rendered":"\n<figure class=\"wp-block-image size-large is-resized is-style-rounded\"><img loading=\"lazy\" src=\"http:\/\/ecofin.es\/ElDespertador\/wp-content\/uploads\/2020\/10\/Business-Plan-Templates-6-edited-1.png\" alt=\"\" class=\"wp-image-137\" width=\"214\" height=\"120\" srcset=\"https:\/\/ecofin.es\/ElDespertador\/wp-content\/uploads\/2020\/10\/Business-Plan-Templates-6-edited-1.png 949w, https:\/\/ecofin.es\/ElDespertador\/wp-content\/uploads\/2020\/10\/Business-Plan-Templates-6-edited-1-300x169.png 300w, https:\/\/ecofin.es\/ElDespertador\/wp-content\/uploads\/2020\/10\/Business-Plan-Templates-6-edited-1-768x432.png 768w\" sizes=\"(max-width: 214px) 100vw, 214px\" \/><\/figure>\n\n\n\n<p>Se han presentado ya algunos proyectos concurrentes a ser acelerados por EL DESPERTADOR:<\/p>\n\n\n\n<p><strong>1.- Luces de Madrid<\/strong>, por Asunci\u00f3n Mayor. Una plataforma de promoci\u00f3n del Turismo Cultural de Madrid.<\/p>\n\n\n\n<p><strong>2.- Pynwi<\/strong><a rel=\"noreferrer noopener\" href=\"https:\/\/pynwi.com\/\" target=\"_blank\">,<\/a> por Ignacio Mart\u00ednez. Un ecommerce de moda en alquiler (no venta) pensado para stocks, temporadas pasadas, vestuario de cine y televisi\u00f3n, y otros reciclajes.<\/p>\n\n\n\n<p><strong>3.- Bewego<\/strong>, por Mar\u00eda Pomares. Carpooling para ir a trabajar o a estudiar, pero tambi\u00e9n para Turismo Rural, Turismo de Aventuras, Escapadas, Fines de Semana, etc.<\/p>\n\n\n\n<p><strong>4.- Performance Project<\/strong>, por Paz de Manuel. Web de promoci\u00f3n y captaci\u00f3n de turistas y visitantes nacionales e internacionales que puedan canalizar clientes a espect\u00e1culos p\u00fablicos o privados, que organizar\u00eda la propia plataforma.<\/p>\n\n\n\n<p><strong>5.- SilverMoney<a rel=\"noreferrer noopener\" href=\"https:\/\/seniorsleading.com\/SilverMoney\/\" target=\"_blank\">,<\/a><\/strong> por Nuria Dom\u00ednguez y Rafael Moreno. Tarjeta de promoci\u00f3n, fidelizaci\u00f3n y club intergeneracional para promover el consumo en comercios, mercados, restauraci\u00f3n, etc.<\/p>\n\n\n\n<p><strong>6.- Nodos IOT Sociales<\/strong>, por Jes\u00fas Pi\u00f1eiro. Aplicaci\u00f3n basada en las smartcities (IOT) para Servicios P\u00fablicos municipales y atenci\u00f3n a Personas Dependientes.<\/p>\n\n\n\n<p><strong>7.- La Valiente<\/strong>, por Paula y Jos\u00e9 \u00c1ngel. Venta directa de joyas fabricadas en Espa\u00f1a a trav\u00e9s de artesanos y plateros madrile\u00f1os. Con marca propia y storytelling muy centrado en igualdad.<\/p>\n\n\n\n<p><strong>8.- Borneo<\/strong>, por Francisco Presa. Plataforma para digitalizar la elaboraci\u00f3n de planes de negocio para emprendedores, basado en la experiencia de haber elaborado m\u00e1s de 1.500.<\/p>\n\n\n\n<p><strong>9.- Ladorian<\/strong>, por Alberto P\u00e9rez. Carteler\u00eda digital para el punto de venta basado en un software para venta inducida o sugestionada. Ya cuenta con m\u00e1s de mil puntos conectados.<\/p>\n\n\n\n<p><strong>10.- ToBox<\/strong>, por Mari\u00e1ngeles Fern\u00e1ndez Blanco. Venta de boxes (cajas regalo) para el dise\u00f1o de cocinas, aseos y resto del hogar mediante un software que dise\u00f1a y hasta podr\u00eda dar presupuestos ajustados y contratistas de obra (manitas).<\/p>\n\n\n\n<p><strong>11.- Corporance Asesores de Votos<\/strong>, por Alicia Prieto. Gesti\u00f3n para Accionistas de inversores institucionales mediante herramienta de informaci\u00f3n para asistencia a juntas de accionistas.<\/p>\n\n\n\n<p><strong>12.- Deca Team<\/strong><a href=\"https:\/\/www.decateam.es\/\">, <\/a>por Carlos Mu\u00f1oz. App para Salud dirigida a empresas y particulares unificando tres cosas para la mejora de la Salud: nutrici\u00f3n, actividad f\u00edsica y vida profesional.<\/p>\n\n\n\n<p><strong>13.- FinTech Venture Consulting<\/strong>, por Carmen Rodr\u00edguez. Asistencia a proyectos corporativos o de emprendedores FinTech. Tienen 4 a\u00f1os de actividad.<\/p>\n\n\n\n<p><strong>14.- Tiketi<\/strong>, por Javier Illana. App basada en c\u00f3digos QR para tikets de compra y gestionar a partir de \u00e9stos: descuentos, cupones, promociones, fidelizaci\u00f3n\u2026<\/p>\n\n\n\n<p><strong>15.- Charge &amp; Eat<\/strong>, una plataforma que conecta usuarios con bares y restaurantes como puntos de recarga inal\u00e1mbrica de cualquier dispositivo, donde el usuario al llegar ya tiene la comida pedida y pagada, sin esperas, a golpe de click reduciendo el tiempo de espera y de rotaci\u00f3n de clientes.<\/p>\n\n\n\n<p><strong>16.- Trondiplay<\/strong>, un proyecto pionero en educaci\u00f3n financiera para ni\u00f1os y adolescentes que ense\u00f1a estas materias a trav\u00e9s de juegos.<\/p>\n\n\n\n<p><strong>17.- MiFood<\/strong>, una empresa que proporciona servicios de automatizaci\u00f3n y robotizaci\u00f3n a restaurantes para reducir el coste de preparaci\u00f3n de cada plato de comida, al igual que elimina todo riesgo de accidente laboral y aumenta la higiene eliminando cualquier riesgo de transmisi\u00f3n de COVID-19 en los restaurantes.<\/p>\n\n\n\n<p><strong>18.- Agnes<\/strong>, un cuidador 24\/7 que aprende las costumbres y los comportamientos, tanto del individuo como del colectivo, y que mejora la calidad de vida del individuo, prolonga su independencia, y sirve como \u2018bot\u00f3n de alarma\u2019 en situaciones de emergencia, movilizando \u00fanicamente los recursos necesarios en cada momento y reduciendo, con ello, los tiempos de hospitalizaci\u00f3n, los recursos necesarios para la vigilancia y las personas encargadas de los dependientes.<\/p>\n\n\n\n<p><strong>19.- Proyecto Superadas<\/strong>, que busca facilitar la integraci\u00f3n en el mercado laboral de la mujer vulnerable para que, con sus propios medios, pueda abrirse camino, ser independiente y autosuficiente.<\/p>\n\n\n\n<p><strong>20.- Proiex,<\/strong> creada por la sociedad Mercantil MYWAY SISTEMS SL, quiere revolucionar el sector de la instalaci\u00f3n y mantenimiento de sistemas de Protecci\u00f3n Contra Incendios y seguridad a empresas, creando el <em>low cost <\/em>del mundo de la seguridad. Une usuarios empresas con t\u00e9cnicos expertos por geolocalizaci\u00f3n. Algo que no existe actualmente en ese \u00e1mbito en el sector.<\/p>\n\n\n\n<p><strong>21.- Tantum<\/strong>, se dedica a implementar la experiencia de usuario en los comercios espa\u00f1oles y europeos desde el <em>approach<\/em> del ecosistema digital asi\u00e1tico (marketing digital, Redes sociales y pagos). Startup tecnol\u00f3gica de procesamiento de pagos con c\u00f3digo QR integrados con marketing online y redes sociales. Trabajan en propuestas que generen impacto en las econom\u00edas locales, promoviendo y activando el consumo y siempre desde una perspectiva de generaci\u00f3n de impacto social positiva para nuestro entorno. <\/p>\n\n\n\n<p><strong>22.- Sobrelanuevaeducaci\u00f3n<\/strong>, se trata de una consultor\u00eda educativa en tres niveles : centros educativos, padres y alumnos. La creaci\u00f3n de una figura como Agente Educativo que refuerza en tecnolog\u00edas y emociones. Su foco principal es la autonom\u00eda de los ni\u00f1os en las diferentes etapas de desarrollo, tanto a nivel personal como responsables de su aprendizaje. El buen uso de las tecnolog\u00edas y con el acompa\u00f1amiento y refuerzo emocional.<\/p>\n\n\n\n<p><strong>23.- Atelier15,<\/strong> por Patricia \u00c1lvarez y Martina Dell\u2019Unto. Enfocada en realizar proyectos de cohousing para personas en exclusi\u00f3n social como son los mayores. A partir de la cooperaci\u00f3n, la socializaci\u00f3n y la construcci\u00f3n establecen una manera diferente de vivir. Tambi\u00e9n permitir\u00e1 reciclar vivienda o inmuebles comerciales para estos usos.<\/p>\n\n\n\n<p><strong>24.- Adderr<\/strong>, por David S\u00e1nchez. Creaci\u00f3n de app para eventos presenciales, ayudando a sus organizadores en su complicada tarea y revolucionando la interacci\u00f3n con los usuarios. Pensado para formaci\u00f3n, eventos empresariales, bodas, festivales, conciertos&#8230; Con tres a\u00f1os de experiencia. <\/p>\n\n\n\n<p><strong> 25.- La barraca de cine<\/strong>. Un cine m\u00f3vil itinerante&nbsp;que acerca el cine en barrios y mundo rural. Soluciones tecnol\u00f3gicas de accesibilidad. Este verano realiz\u00f3 m\u00e1s de 30 actuaciones. Quiere impulsar el comercio y la hosteler\u00eda local cuando llega su \u2018barraca\u2019 al pueblo.<\/p>\n\n\n\n<p><strong>26.- Caf\u00e9 las Margaritas<\/strong>, por Edisson Guevara &#8211; Un proyecto de comercio justo de importaci\u00f3n de caf\u00e9 de calidad desde Colombia, para ayudar a la hosteler\u00eda a aportar un valor a\u00f1adido en un producto tan b\u00e1sico y valorado.<\/p>\n\n\n\n<p><strong>27.- Vribus, <\/strong>por Alberto Molinero. Desde una app ayuda a superar los desaf\u00edos emocionales con realidad virtual, combinando neurociencia, inteligencia artificial y realidad mixta.<\/p>\n\n\n\n<p><strong>28.- AcruX<\/strong>, por Alexandre Garc\u00eda<strong> \u2013 <\/strong>Digitalizaci\u00f3n para catering de eventos, consiguiendo que estos negocios incrementen sus ingresos y facilitando el acceso a los usuarios, que evitan colas y esperas indeseadas.<\/p>\n\n\n\n<p><strong>29.- Alpha<\/strong>, por Kirian de la Horra &#8211; Ecommerce de ropa con valores diferenciales como la calidad, el trato cercano con los clientes y la exclusividad. &nbsp; <\/p>\n\n\n\n<p><strong>30.- MC Gesti\u00f3n, <\/strong>por Mar\u00eda \u00c1lvaro &#8211; Este centro de coworking y formaci\u00f3n en Alcal\u00e1 de Henares promueve la formaci\u00f3n online y la b\u00fasqueda de oportunidades laborales para mujeres en situaci\u00f3n de exclusi\u00f3n social, con foco en mujer y en inmigraci\u00f3n.<\/p>\n\n\n\n<p><strong>31.- LastMile<\/strong>, por \u00c1ngel Batalla \u2013 Plataforma Digital para la \u00daltima Milla. Est\u00e1 basada en inteligencia artificial, big data y gemelos digitales. Ayuda al comercio local y a los transportistas en la creaci\u00f3n de plataformas colaborativas.<\/p>\n\n\n\n<p><strong>32.- Kunveno,<\/strong> por Susana Rodr\u00edguez \u2013 Soluci\u00f3n digital para el sector MICE de eventos con traducci\u00f3n simult\u00e1nea. Data de software a Centros de Interpretaci\u00f3n Remota. Prev\u00e9 una alianza con Zoom para dotar eventos multiling\u00fces. Usa Inteligencia Artificial, reconocimiento de voz y otras tecnolog\u00edas.<\/p>\n\n\n\n<p><strong>33.- Microalgae<\/strong>, por Juan Pablo de la Rocha &#8211; Laboratorio virtual de microalgas de Madrid, donde el usuario puede hacer sus pr\u00e1cticas y conocer las aplicaciones de las microalgas en la industria: farmacia, cosm\u00e9tica, alimentaci\u00f3n, etc.<\/p>\n\n\n\n<p><strong>34.- Cocinemos<\/strong>, por Israel Arroyo &#8211; Plataforma digital que ofrece un servicio de cocineros profesionales a domicilio, y donde el usuario puede gestionar la experiencia desde el inicio con el profesional seleccionado. Un proyecto que ayuda directamente a la hosteler\u00eda y al sector de la restauraci\u00f3n.<\/p>\n\n\n\n<p><strong>35.- Woki Consulting<\/strong>, por Cristina del Valle &#8211; Plataforma de consultor\u00eda empresarial para Pymes totalmente virtual. Pone en contacto a consultores con clientes. Toda la contrataci\u00f3n y seguimiento se realiza de manera digital.<\/p>\n\n\n\n<p><strong>36.- Alacarta Digital<\/strong>, por \u00c1lvaro de la Serna &#8211; Digitalizaci\u00f3n de cartas de los restaurantes. Las cartas se introducen en la plataforma y el cliente accede a la carta mediante un QR que le entrega el restaurante. La aplicaci\u00f3n permite funcionalidades que facilitan la vida de clientes y restauradores.<\/p>\n\n\n\n<p><strong>37.- Parksafer<\/strong>, por David Albano &#8211; Sistema de gesti\u00f3n del parking eficiente. Esta tecnolog\u00eda genera menor gasto p\u00fablico y ahorro tambi\u00e9n para los usuarios en tiempo de b\u00fasqueda de aparcamiento y gasto de combustible. Ayuda a los propietarios y gestores a aumentar sus ingresos por plazas de parking.<\/p>\n\n\n\n<p><strong>38.- Megasaber<\/strong>, por Juan del Barrio \u2013 Soluci\u00f3n para digitalizar los comercios y negocios de barrio. El cliente puede acceder a la informaci\u00f3n de restaurantes y comercios, con visitas 3D, reservas, precios, ofertas, etc. Todo ello de manera digitalizada.<\/p>\n\n\n\n<p><strong>39.- Wibbio<\/strong>, por Javier Sanz \u2013 Asistente virtual para mayores con reconocimiento facial y acceso a servicios mediante la voz. Se orienta a la seguridad, el acompa\u00f1amiento y el acceso a los servicios digitales de los mayores.<\/p>\n\n\n\n<p><strong>40.- Kiwanda Retail<\/strong>, por Francisco Robredo &#8211; Soluci\u00f3n, con etiquetas de radio frecuencia RFDI, que integra el canal f\u00edsico con el canal digital, facilitando la ominicanalidad en el comercio.<\/p>\n\n\n\n<p><strong>41.- Furnilix,<\/strong> por Cristina Luca de Tena &#8211; Renting flexible de muebles que fomenta el consumo sostenible, ayudando al desestokage del peque\u00f1o comercio.<\/p>\n\n\n\n<p><strong>42.- Sycai Technologies,<\/strong> por Sara Toledano &#8211; Inteligencia artificial al servicio de la salud. Sofware inteligente que ayuda a los radi\u00f3logos en el diagnostico de lesiones precancerosas en el abdomen.<\/p>\n\n\n\n<p><strong>43.- Landzest,<\/strong> por Federico Abril &#8211; Marketplace de turismo de lujo que pone en contacto a viajeros con destinos y servicios para die\u00f1ar experiencias selectas a la medida.<\/p>\n\n\n\n<p><strong>44.- Aizink,<\/strong> por \u00c1ngeles Y\u00e1\u00f1ez &#8211; Propone al comercio y la restauraci\u00f3n triplicar el impacto de su marketing utilizando una plataforma online que permite establecer alianzas inmediatas.<\/p>\n\n\n\n<p><strong>45.- DPMO 4.0<\/strong>, por Lahcen Zeggoud &#8211; Plataforma de digitalizaci\u00f3n de procesos de gesti\u00f3n y de proyectos, ahorrando tiempo y recursos.<\/p>\n\n\n\n<p><strong>46.- Certitraz<\/strong>, por Claudio Adamo &#8211; Desarrollo de soluciones para la trazabilidad y certificaci\u00f3n de tareas de mantenimiento mediante tecnolog\u00eda blockchain.<\/p>\n\n\n\n<p><strong>47. Nuevas Realidades Locales<\/strong>, por Aurora L\u00f3pez y Paloma Llaneza &#8211; Creaci\u00f3n de espacios de alivio para atraer a n\u00f3madas digitales a los que el teletrabajo les est\u00e1 provocando problemas de salud.<br><br><strong>48. Edriax<\/strong>, por David Soto &#8211; Plataforma software que permite la generaci\u00f3n masiva de informes financieros con un alto valor para el aut\u00f3nomo y la pyme.<br><br><strong>49. Ozono Bios<\/strong>, por Jo-Anne Cardinal &#8211; Sistemas de tratamiento de desinfecci\u00f3n con ozono, ayudando a la pyme para que pueda ofrecer mayor seguridad a sus clientes.<br><br><strong>50. H\u00e9roes Digitales<\/strong>, por Gonzalo Castro &#8211; Academia online donde actualmente aut\u00f3nomos, comercios y pymes est\u00e1n aprendiendo c\u00f3mo digitalizar sus negocios, con el fin de conseguir m\u00e1s clientes y aumentar su facturaci\u00f3n.<br><br><strong>51. Hodei Cloud<\/strong>, por Manuel As\u00eds &#8211; Sistema que desarrolla un escritorio virtual personalizable para cada usuario basado en tecnolog\u00eda cloud computing, inteligencia artificial y con alto nivel de ciberseguridad.<br><br><strong>52. Bon Voyage<\/strong>, por Kevin \u00c1lvarez &#8211; Agencia de viajes online fuera de los circuitos habituales, con desarrollo en Colombia y aterrizando en Espa\u00f1a.<\/p>\n\n\n\n<p><strong>53.- Waste360<\/strong>, por Eugenio Mart\u00ed &#8211; Imag\u00ednense una planta que transforma los residuos en energ\u00eda. Mediante un proceso patentado de gasificaci\u00f3n de los residuos ricos en carbono, podemos obtener hidr\u00f3geno, metanol o combustibles sint\u00e9ticos. Convertimos la basura en una nueva fuente de energ\u00eda. Podemos hacer que los autobuses de Madrid funcionen con la basura que generan los madrile\u00f1os.<\/p>\n\n\n\n<p><strong>54.- EcoTotem<\/strong>, por Eugenio Mart\u00ed &#8211; Nominado a los Startup Europe Awards, el Ecot\u00f3tem reduce la contaminaci\u00f3n urbana y elimina virus y bacterias del aire. Podemos hacer paradas de autob\u00fas bioprotegidas y reducir la contaminaci\u00f3n de los coches como si plant\u00e1ramos millones de \u00e1rboles en una ciudad.<\/p>\n\n\n\n<p><strong>55.- H2 Fotocatal\u00edtico<\/strong>, por Eugenio Mart\u00ed &#8211; Una nueva forma de producir hidr\u00f3geno a partir del agua. Utilizamos la luz solar o led ultravioleta para conseguir separar el hidr\u00f3geno del agua. Frente a la tradicional electrolisis, permite procesos m\u00e1s rentables y con menor gasto de energ\u00eda. Cambiaremos huertos solares por huertos de hidr\u00f3geno para descarbonizar la econom\u00eda.<\/p>\n\n\n\n<p><strong>56.- Smart odor waste,<\/strong> por Eugenio Mart\u00ed &#8211; Eliminamos el olor que generan los contenedores de basura urbana mediante un dispositivo Smart IOT. A los dispositivos actuales, que nos dicen altura de la basura temperatura y si el cami\u00f3n debe vaciarlo, le a\u00f1adimos biotecnolog\u00eda e inteligencia artificial para dosificar un l\u00edquido que elimina la causa del olor, moscas, bacterias y otras molestias de los contenedores.<\/p>\n\n\n\n<p><strong>57.- Metavox,<\/strong> por Antonio Almendros &#8211; Sistema de Intervenci\u00f3n Clinica y Educativa asistido por Inteligencia Artificial y plataforma de contenidos de indexaci\u00f3n automatizada. Su finalidad es el tratamiento de todo tipo de trastornos articulatorios, tanto de \u00edndole clinica como pedag\u00f3gica.<\/p>\n\n\n\n<p><strong>58.- Jarana,<\/strong> por Kisco Carmona &#8211; Sistema con sensores, iA y telecomunicaciones para el control de concentraciones en espacios p\u00fablicos o al aire libre. Este sistema ademas de avisar de exceso de personas tambi\u00e9n se puede usar para controlar que se guarden las medidas de seguridad en colas o eventos.<\/p>\n\n\n\n<p><strong>59.- Sport Interactive,<\/strong> por Kisco Carmona &#8211; Sistema de entrenamiento interactivo y capacitaci\u00f3n deportiva. Juegos interactivos f\u00edsico &#8211; virtuales que ademas de ser divertidos son did\u00e1cticos y ayudan a la capacitaci\u00f3n y entrenamiento en m\u00faltiples disciplinas (futbol, tenis, golf, balonmano, baloncesto, boxeo). El sistema es adaptable, f\u00e1cilmente portable, econ\u00f3mico y est\u00e1 dise\u00f1ado para aceptar multitud de tipos y modos de juegos.<\/p>\n\n\n\n<p><strong>60.- Stelux<\/strong>, por Kisco Carmona &#8211; Sistema de desinfecci\u00f3n por UVC contra el SARS-CoV-2. Para veh\u00edculos de uso p\u00fablico como taxis, autobuses, vagones de trenes en funcionamiento. Adem\u00e1s de veh\u00edculos el\u00e9ctricos de forma aut\u00f3noma, que se instalaran en la v\u00eda p\u00fablica o en espacios acondicionado para tal efecto. Sistema testado en varios laboratorios con total eficacia.<\/p>\n\n\n\n<p><strong>61.- Tourroom,<\/strong> por Kisco Carmona &#8211; Sistema de turismo virtual VR, no solo para mostrar visualmente sino sensorialmente las experiencias tur\u00edsticas. Recreaciones de habitaciones f\u00edsico-virtuales en la que se pueden recrear desde una playa de M\u00e1laga, a fiestas como la Semana Santa o conciertos virtuales, etc. Este contar\u00e1 con la creaci\u00f3n de escenarios virtuales para la proyecci\u00f3n hologr\u00e1fica de conciertos de manera telem\u00e1tica. De forma que se pueda ver una actuaci\u00f3n en cualquier parte del mundo y a tiempo real, de una forma muy econ\u00f3mica, f\u00e1cil de implementar y una nueva forma de ofrecer ocio de calidad en tiempos de pandemia<\/p>\n\n\n\n<p><strong>62.- Doctor T,<\/strong> por Kisco Carmona &#8211; Sistema para profesionales de la salud para el entrenamiento de como realizar test correctamente, o el uso de aparatologia medica o monitoreo.<\/p>\n\n\n\n<p><strong>63.- Proyecto Gastro Park<\/strong>, por Javier Mu\u00f1oz &#8211; la esencia de la idea es crear un circuito de food trucks para cubrir necesidades b\u00e1sicas de localidades con poca poblaci\u00f3n, fabricando en la Comunidad de Madrid y poniendo en contacto al peque\u00f1o comerciante y a proveedores de servicios con los lugares en los que se les requiere.<\/p>\n\n\n\n<p><strong>64.- WhyDigital<\/strong>, por Ximo Gonzalez &#8211; Programa formativo para Ayudar a agentes del cambio clim\u00e1tico (C\u00e1maras de Comercio, CEEIs ,Parques tecnol\u00f3gicos\u2026) a adecuar sus actuales programas formativos a la transformaci\u00f3n digital pragm\u00e1tica de mercado y de los usuarios (empresas,organizaciones,aut\u00f3nomos o emprendedores) sobre los que imparten los actuales planes formativos,para que los usuarios entiendan desde las referencias pragm\u00e1ticas que parte de sus necesidades reales y de sus negocios<\/p>\n\n\n\n<p><strong>65.- Mamas en Acci\u00f3n<\/strong>, por Juan Garc\u00eda &#8211; Es un sistema de gesti\u00f3n empresarial orientado a la supervisi\u00f3n de tareas y certificados de los usuarios de la organizaci\u00f3n. Con esta apuesta tecnol\u00f3gica, Mam\u00e1s en Acci\u00f3n puede dar mayor soporte a voluntarios de m\u00e1s ciudades de Espa\u00f1a, convirti\u00e9ndose en una ONG pionera al crear sinergias entre tecnolog\u00eda y compromiso solidario. Las funcionalidades m\u00e1s destacadas son: registro de usuarios, certificaci\u00f3n de voluntarios, gesti\u00f3n de acciones de acompa\u00f1amiento y agenda. Desde la implantaci\u00f3n del sistema se ha duplicado el n\u00famero de voluntarios y sigue en continuo desarrollo incluy\u00e9ndose mejoras que permiten seguir ampliando su labor social.<\/p>\n\n\n\n<p><strong>66.- Parsedoc<\/strong>, por Juan Garc\u00eda &#8211; Es un software de lectura y procesamiento automatizado de documentos. Conectado al ERP o sistemas de gesti\u00f3n de la empresa, permite la recepci\u00f3n, an\u00e1lisis y gesti\u00f3n de archivos de manera aut\u00f3noma (conexi\u00f3n a buzones de correo para procesar adjuntos autom\u00e1ticamente e integraci\u00f3n con CRMs para identificar clientes). Con el uso de Inteligencia Artificial en la identificaci\u00f3n del contenido, Parsedoc detecta el texto y propiedades como la orientaci\u00f3n, en diferentes formatos de archivo como PDF o im\u00e1genes escaneadas. Adem\u00e1s, mejora continuamente gracias a verificaciones o supervisi\u00f3n humana. La consecuencia directa de su aplicaci\u00f3n es el ahorro de tiempo y el aumento de productividad.<\/p>\n\n\n\n<p><strong>67.- Econelec<\/strong>, por Angel Barranco &#8211; Producto que reduce el consumo de energ\u00eda activa en instalaciones, con monitorizaci\u00f3n y smart contract.<\/p>\n\n\n\n<p><strong>68.- Digicine,<\/strong> por Eleuterio Michaelides &#8211; Plataforma digital para la gesti\u00f3n de producciones audiovisuales para productores de pel\u00edculas, videos y otros proyectos de medios.<\/p>\n\n\n\n<p><strong>69.- MPlacecero<\/strong>, por Jorge Salda\u00f1a &#8211; Plataforma que ayuda a emprendedores para vender con \u00e9xitor en maketplaces. Los vendedores encuentran la informaci\u00f3n y herramientas necesarias para crecer exponencialmente con sus ventas.<\/p>\n\n\n\n<p><strong>70.- Resubicuo<\/strong>, por Manuel Jimeno &#8211; Aplicaci\u00f3n multiempresa especializada en la gesti\u00f3n integral e intuitiva de residencias. Facilita el contacto con empleados, residentes, responsables y proveedores.<\/p>\n\n\n\n<p><strong>71.- Neting,<\/strong> por Jorge Estebaranz &#8211; Plataforma de networking que permite a aut\u00f3nomos y empresarios a colaborar y encontrar oportunidades de negocio. Se comparten experiencias, formaci\u00f3n y sinergias.<\/p>\n\n\n\n<p><strong>72.- AEON T, <\/strong>por Alejandro Abou-Assali &#8211; Tecnolog\u00eda que permite la automatizaci\u00f3n de fabricaci\u00f3n de piezas de composite, reduciendo tiempo y mejorando la calidad.<\/p>\n\n\n\n<p><strong>73.- I-Re Reutilizaci\u00f3n, <\/strong>por Mili Polo &#8211; Proyecto de econom\u00eda circular que propone la reutilizaci\u00f3n de los envases de vidrio, colocando contenedores para luego reutilizarlos y ofreciendo puntos para canjear por servicios. Genera alianzas y dinamiza el comercio de barrio.<\/p>\n\n\n\n<p><strong>74.- Resta360,<\/strong> por Antonio Merino &#8211; Aplicaci\u00f3n que ayuda al sector de la hosteler\u00eda a gestionarse mejor. Monitoriza las funcionalidades que necesita el empresario y el empleado de la hosteler\u00eda. Ofrece tambi\u00e9n soluciones para los clientes que ayudan a incentivar el consumo.<\/p>\n\n\n\n<p><strong>75.- Remote Pilot<\/strong> , por Arturo Garc\u00eda &#8211; Plataforma de formaci\u00f3n que habilita para el aprendizaje de pilotaje de drones, siendo gran parte de esta formaci\u00f3n online. Realizan tambi\u00e9n trabajos operativos en todos aquellos sectores donde son utilizados los drones.<\/p>\n\n\n\n<p><strong>76.- Hispaled<\/strong>, por Jorge Fraile &#8211; Empresa que cubre el ciclo completo de proyectos de soluciones LED: Estudio\/Consultor\u00eda, Dise\u00f1o, Fabricaci\u00f3n, Homologaci\u00f3n, Instalaci\u00f3n y Mantenimiento.<\/p>\n\n\n\n<p><\/p>\n\n\n\n<div class=\"wp-block-buttons\">\n<div class=\"wp-block-button\"><a class=\"wp-block-button__link\" href=\"https:\/\/ecofin.es\/silvermoney-bewego-y-tantum-ganan-el-despertador\/\" target=\"_blank\" rel=\"noreferrer noopener\">Conoce a las 3 startups ganadoras<\/a><\/div>\n<\/div>\n\n\n\n<p><\/p>\n","protected":false},"excerpt":{"rendered":"<p>Se han presentado ya algunos proyectos concurrentes a ser acelerados por EL DESPERTADOR: 1.- Luces de Madrid, por Asunci\u00f3n Mayor. Una plataforma de promoci\u00f3n del Turismo Cultural de Madrid. 2.- Pynwi, por Ignacio Mart\u00ednez. Un ecommerce de moda en alquiler (no venta) pensado para stocks, temporadas pasadas, vestuario de cine y televisi\u00f3n, y otros reciclajes.<\/p>\n<div><a class=\"btn-filled btn\" href=\"https:\/\/ecofin.es\/ElDespertador\/candidatos\/\" title=\"Candidatos\">Leer m\u00e1s<\/a><\/div>\n","protected":false},"author":1,"featured_media":0,"parent":0,"menu_order":0,"comment_status":"closed","ping_status":"closed","template":"","meta":[],"_links":{"self":[{"href":"https:\/\/ecofin.es\/ElDespertador\/wp-json\/wp\/v2\/pages\/29"}],"collection":[{"href":"https:\/\/ecofin.es\/ElDespertador\/wp-json\/wp\/v2\/pages"}],"about":[{"href":"https:\/\/ecofin.es\/ElDespertador\/wp-json\/wp\/v2\/types\/page"}],"author":[{"embeddable":true,"href":"https:\/\/ecofin.es\/ElDespertador\/wp-json\/wp\/v2\/users\/1"}],"replies":[{"embeddable":true,"href":"https:\/\/ecofin.es\/ElDespertador\/wp-json\/wp\/v2\/comments?post=29"}],"version-history":[{"count":28,"href":"https:\/\/ecofin.es\/ElDespertador\/wp-json\/wp\/v2\/pages\/29\/revisions"}],"predecessor-version":[{"id":484,"href":"https:\/\/ecofin.es\/ElDespertador\/wp-json\/wp\/v2\/pages\/29\/revisions\/484"}],"wp:attachment":[{"href":"https:\/\/ecofin.es\/ElDespertador\/wp-json\/wp\/v2\/media?parent=29"}],"curies":[{"name":"wp","href":"https:\/\/api.w.org\/{rel}","templated":true}]}}